{"id":111,"date":"2020-10-18T14:34:25","date_gmt":"2020-10-18T14:34:25","guid":{"rendered":"https:\/\/schugg-oberstdorf.de\/?page_id=111"},"modified":"2022-06-03T15:07:06","modified_gmt":"2022-06-03T15:07:06","slug":"brenta","status":"publish","type":"page","link":"https:\/\/schugg-oberstdorf.de\/?page_id=111","title":{"rendered":"Brenta"},"content":{"rendered":"\t\t<div data-elementor-type=\"wp-page\" data-elementor-id=\"111\" class=\"elementor elementor-111\">\n\t\t\t\t\t\t<div class=\"elementor-inner\">\n\t\t\t\t<div class=\"elementor-section-wrap\">\n\t\t\t\t\t\t\t\t\t<section class=\"elementor-section elementor-top-section elementor-element elementor-element-6b0b158 elementor-section-boxed elementor-section-height-default elementor-section-height-default\" data-id=\"6b0b158\" data-element_type=\"section\">\n\t\t\t\t\t\t<div class=\"elementor-container elementor-column-gap-default\">\n\t\t\t\t\t\t\t<div class=\"elementor-row\">\n\t\t\t\t\t<div class=\"elementor-column elementor-col-100 elementor-top-column elementor-element elementor-element-7f87886\" data-id=\"7f87886\" data-element_type=\"column\">\n\t\t\t<div class=\"elementor-column-wrap elementor-element-populated\">\n\t\t\t\t\t\t\t<div class=\"elementor-widget-wrap\">\n\t\t\t\t\t\t<div class=\"elementor-element elementor-element-4fba4d7 elementor-widget elementor-widget-heading\" data-id=\"4fba4d7\" data-element_type=\"widget\" data-widget_type=\"heading.default\">\n\t\t\t\t<div class=\"elementor-widget-container\">\n\t\t\t<h2 class=\"elementor-heading-title elementor-size-default\">Brenta Via delle Bochette    Tour  17.07. - 22.07.2022 <\/h2>\t\t<\/div>\n\t\t\t\t<\/div>\n\t\t\t\t\t\t<\/div>\n\t\t\t\t\t<\/div>\n\t\t<\/div>\n\t\t\t\t\t\t\t\t<\/div>\n\t\t\t\t\t<\/div>\n\t\t<\/section>\n\t\t\t\t<section class=\"elementor-section elementor-top-section elementor-element elementor-element-c81c2c9 elementor-section-boxed elementor-section-height-default elementor-section-height-default\" data-id=\"c81c2c9\" data-element_type=\"section\">\n\t\t\t\t\t\t<div class=\"elementor-container elementor-column-gap-default\">\n\t\t\t\t\t\t\t<div class=\"elementor-row\">\n\t\t\t\t\t<div class=\"elementor-column elementor-col-100 elementor-top-column elementor-element elementor-element-b3616b9\" data-id=\"b3616b9\" data-element_type=\"column\">\n\t\t\t<div class=\"elementor-column-wrap elementor-element-populated\">\n\t\t\t\t\t\t\t<div class=\"elementor-widget-wrap\">\n\t\t\t\t\t\t<div class=\"elementor-element elementor-element-3cc6595 elementor-arrows-position-inside elementor-pagination-position-outside elementor-widget elementor-widget-image-carousel\" data-id=\"3cc6595\" data-element_type=\"widget\" data-settings=\"{&quot;navigation&quot;:&quot;both&quot;,&quot;autoplay&quot;:&quot;yes&quot;,&quot;pause_on_hover&quot;:&quot;yes&quot;,&quot;pause_on_interaction&quot;:&quot;yes&quot;,&quot;autoplay_speed&quot;:5000,&quot;infinite&quot;:&quot;yes&quot;,&quot;speed&quot;:500}\" data-widget_type=\"image-carousel.default\">\n\t\t\t\t<div class=\"elementor-widget-container\">\n\t\t\t\t\t<div class=\"elementor-image-carousel-wrapper swiper-container\" dir=\"ltr\">\n\t\t\t<div class=\"elementor-image-carousel swiper-wrapper\">\n\t\t\t\t\t\t\t\t<div class=\"swiper-slide\"><figure class=\"swiper-slide-inner\"><img decoding=\"async\" class=\"swiper-slide-image\" src=\"https:\/\/schugg-oberstdorf.de\/wp-content\/uploads\/2020\/10\/20200801_081237-768x1024.jpg\" alt=\"20200801_081237\" \/><\/figure><\/div><div class=\"swiper-slide\"><figure class=\"swiper-slide-inner\"><img decoding=\"async\" class=\"swiper-slide-image\" src=\"https:\/\/schugg-oberstdorf.de\/wp-content\/uploads\/2020\/10\/20200731_120136-768x1024.jpg\" alt=\"20200731_120136\" \/><\/figure><\/div><div class=\"swiper-slide\"><figure class=\"swiper-slide-inner\"><img decoding=\"async\" class=\"swiper-slide-image\" src=\"https:\/\/schugg-oberstdorf.de\/wp-content\/uploads\/2020\/10\/20200731_072432-768x1024.jpg\" alt=\"20200731_072432\" \/><\/figure><\/div><div class=\"swiper-slide\"><figure class=\"swiper-slide-inner\"><img decoding=\"async\" class=\"swiper-slide-image\" src=\"https:\/\/schugg-oberstdorf.de\/wp-content\/uploads\/2020\/10\/20200730_084322-768x1024.jpg\" alt=\"20200730_084322\" \/><\/figure><\/div><div class=\"swiper-slide\"><figure class=\"swiper-slide-inner\"><img decoding=\"async\" class=\"swiper-slide-image\" src=\"https:\/\/schugg-oberstdorf.de\/wp-content\/uploads\/2020\/10\/20200730_083808-768x576.jpg\" alt=\"20200730_083808\" \/><\/figure><\/div><div class=\"swiper-slide\"><figure class=\"swiper-slide-inner\"><img decoding=\"async\" class=\"swiper-slide-image\" src=\"https:\/\/schugg-oberstdorf.de\/wp-content\/uploads\/2020\/10\/20200729_151407-768x1024.jpg\" alt=\"20200729_151407\" \/><\/figure><\/div><div class=\"swiper-slide\"><figure class=\"swiper-slide-inner\"><img decoding=\"async\" class=\"swiper-slide-image\" src=\"https:\/\/schugg-oberstdorf.de\/wp-content\/uploads\/2020\/10\/20200728_132456-768x1024.jpg\" alt=\"20200728_132456\" \/><\/figure><\/div><div class=\"swiper-slide\"><figure class=\"swiper-slide-inner\"><img decoding=\"async\" class=\"swiper-slide-image\" src=\"https:\/\/schugg-oberstdorf.de\/wp-content\/uploads\/2020\/10\/20200728_125233-768x1024.jpg\" alt=\"20200728_125233\" \/><\/figure><\/div><div class=\"swiper-slide\"><figure class=\"swiper-slide-inner\"><img decoding=\"async\" class=\"swiper-slide-image\" src=\"https:\/\/schugg-oberstdorf.de\/wp-content\/uploads\/2020\/10\/20200728_065216-768x1024.jpg\" alt=\"20200728_065216\" \/><\/figure><\/div>\t\t\t<\/div>\n\t\t\t\t\t\t\t\t\t\t\t\t<div class=\"swiper-pagination\"><\/div>\n\t\t\t\t\t\t\t\t\t\t\t\t\t<div class=\"elementor-swiper-button elementor-swiper-button-prev\">\n\t\t\t\t\t\t<i aria-hidden=\"true\" class=\"eicon-chevron-left\"><\/i>\t\t\t\t\t\t<span class=\"elementor-screen-only\">Zur\u00fcck<\/span>\n\t\t\t\t\t<\/div>\n\t\t\t\t\t<div class=\"elementor-swiper-button elementor-swiper-button-next\">\n\t\t\t\t\t\t<i aria-hidden=\"true\" class=\"eicon-chevron-right\"><\/i>\t\t\t\t\t\t<span class=\"elementor-screen-only\">Weiter<\/span>\n\t\t\t\t\t<\/div>\n\t\t\t\t\t\t\t\t\t<\/div>\n\t\t\t\t<\/div>\n\t\t\t\t<\/div>\n\t\t\t\t\t\t<\/div>\n\t\t\t\t\t<\/div>\n\t\t<\/div>\n\t\t\t\t\t\t\t\t<\/div>\n\t\t\t\t\t<\/div>\n\t\t<\/section>\n\t\t\t\t<section class=\"elementor-section elementor-top-section elementor-element elementor-element-f13844d elementor-section-boxed elementor-section-height-default elementor-section-height-default\" data-id=\"f13844d\" data-element_type=\"section\">\n\t\t\t\t\t\t<div class=\"elementor-container elementor-column-gap-default\">\n\t\t\t\t\t\t\t<div class=\"elementor-row\">\n\t\t\t\t\t<div class=\"elementor-column elementor-col-33 elementor-top-column elementor-element elementor-element-0569779\" data-id=\"0569779\" data-element_type=\"column\">\n\t\t\t<div class=\"elementor-column-wrap elementor-element-populated\">\n\t\t\t\t\t\t\t<div class=\"elementor-widget-wrap\">\n\t\t\t\t\t\t<div class=\"elementor-element elementor-element-1875849 elementor-widget elementor-widget-text-editor\" data-id=\"1875849\" data-element_type=\"widget\" data-widget_type=\"text-editor.default\">\n\t\t\t\t<div class=\"elementor-widget-container\">\n\t\t\t\t\t\t\t\t<div class=\"elementor-text-editor elementor-clearfix\">\n\t\t\t\t<p><span style=\"text-decoration: underline;\"><strong>Tag 1:<\/strong><\/span><br \/>P\u00fcnktlich trafen wir uns in Madonna di Campiglio an der Groste-Bahn zur Auffahrt. <br \/>Ein sch\u00f6ner Sommertag lies uns den Aufstieg von 176 H\u00f6henmeter von der Mittelstation zur Rifugio Graffer leicht \u00fcberwinden. Wir bezogen unsere Zimmer und genossen das Abendessen und die herrliche Abendstimmung. <br \/><span style=\"text-decoration: underline;\"><strong>Tag 2:<\/strong><\/span><br \/>Am n\u00e4chsten Morgen erwartete uns ein strahlend blauer Himmel. Wir stiegen \u00fcber den Sentiero-Benini-Klettersteig zur Cima Falkner und Cima Sella. Herrliches Wetter erlaubte uns eine weite Fernsicht und wir konnten auch auf den Molvenosee hinab blicken. \u00dcber den Sentiero Dallagiacoma stiegen wir in die Bocca del Tuckett \u00fcber ein Schneefeld hinab zur Rifugio Tuckett, wo uns k\u00fchle Getr\u00e4nke erwarteten.\u00a0 W\u00e4hrend des Abendessens \u00f6ffnete der Himmel seine Schleusen und es go\u00df in Str\u00f6men. <br \/><span style=\"text-decoration: underline;\"><strong>Tag 3:<\/strong><\/span><br \/>Morgens schien wieder die Sonne \u00fcber einem klar gewaschenen Himmel. \u00dcber das Schneefeld von gestern war nun wieder die Bocca del Tuckett zu erklimmen zum Einstieg in den Bocchette Alte. Spektakul\u00e4re Wege an Felsb\u00e4ndern lie\u00dfen uns staunen. Es bildeten sich unter uns Nebelschwaden und Wolken. Wir erreichten mit 3020 m den h\u00f6chsten Punkt unsere Tour, den Spalla di Brenta.<\/p>\t\t\t\t\t<\/div>\n\t\t\t\t\t\t<\/div>\n\t\t\t\t<\/div>\n\t\t\t\t\t\t<\/div>\n\t\t\t\t\t<\/div>\n\t\t<\/div>\n\t\t\t\t<div class=\"elementor-column elementor-col-33 elementor-top-column elementor-element elementor-element-a2a8b9b\" data-id=\"a2a8b9b\" data-element_type=\"column\">\n\t\t\t<div class=\"elementor-column-wrap elementor-element-populated\">\n\t\t\t\t\t\t\t<div class=\"elementor-widget-wrap\">\n\t\t\t\t\t\t<div class=\"elementor-element elementor-element-052872e elementor-widget elementor-widget-text-editor\" data-id=\"052872e\" data-element_type=\"widget\" data-widget_type=\"text-editor.default\">\n\t\t\t\t<div class=\"elementor-widget-container\">\n\t\t\t\t\t\t\t\t<div class=\"elementor-text-editor elementor-clearfix\">\n\t\t\t\t<p>\u00a0Fast glaubten wir, \u00fcber die Wolken gehen zu k\u00f6nnen. Nach einer sonnigen Mittagspause ging es weiter hinab um einen gewaltigen Felsblock zur Rifugio Alimonta. Wir f\u00fcllten auf der Sonnenterasse wieder unsere Fl\u00fcssigkeitsreserven auf und genossen den Ausblick auf die wabernden Wolken im Tal und um die Torre di Brenta. <br \/><span style=\"text-decoration: underline;\"><strong>Tag 4:<\/strong><\/span><br \/>Wir legten wieder unsere Aufstiegshilfen an und schritten hinauf durch Schnee zur Bocca di Armi. Dann ging es \u00fcber den Bocchette Centrali weiter zur Rifugio Pedrotti. Mit Pasta st\u00e4rkten uns f\u00fcr den weiteren Weg zur Rifugio Agostini. Wir erreichten die H\u00fctte bei bew\u00f6lktem Himmel und konnten geduscht und gest\u00e4rkt dem Gewitter in den Bergen zusehen. Das Abendessen war sehr lecker und auch das Zimmer f\u00fcr unsere Gruppe war sehr gem\u00fctlich.\u00a0<br \/><span style=\"text-decoration: underline;\"><strong>Tag 5:<\/strong><\/span><br \/>Am Morgen strahlte die Sonne und \u00fcber den Castiglioni Klettersteig erreichten wir die Bocca de Duo Denti. Der Abstieg zur Rifugio 12 Apostoli verlief \u00fcber ein Schottermeer. Nahe der Rifugio konnten wir auch die Felsenkapelle bewundern. Nach einem Getr\u00e4nkestopp ging es wieder hinauf bei sehr warmem Wetter zu Bocca de Camosci.\u00a0<\/p>\t\t\t\t\t<\/div>\n\t\t\t\t\t\t<\/div>\n\t\t\t\t<\/div>\n\t\t\t\t\t\t<\/div>\n\t\t\t\t\t<\/div>\n\t\t<\/div>\n\t\t\t\t<div class=\"elementor-column elementor-col-33 elementor-top-column elementor-element elementor-element-d0dc228\" data-id=\"d0dc228\" data-element_type=\"column\">\n\t\t\t<div class=\"elementor-column-wrap elementor-element-populated\">\n\t\t\t\t\t\t\t<div class=\"elementor-widget-wrap\">\n\t\t\t\t\t\t<div class=\"elementor-element elementor-element-b78b911 elementor-widget elementor-widget-text-editor\" data-id=\"b78b911\" data-element_type=\"widget\" data-widget_type=\"text-editor.default\">\n\t\t\t\t<div class=\"elementor-widget-container\">\n\t\t\t\t\t\t\t\t<div class=\"elementor-text-editor elementor-clearfix\">\n\t\t\t\t<p>Hinter der Scharte erwartete uns ein ausgedehntes Schneefeld, das wir \u00fcberwinden mussten. Anschlie\u00dfend ging es \u00fcber viel Schotter und Ger\u00f6ll hinunter \u00fcber den Sentiero Martinazzi Klettersteig zur Rifugio Brentei. Da die H\u00fctte dieses Jahr geschlossen ist und renoviert wird, war der weitere Aufstieg zur Rifugio Alimonta unvermeidlich. Der warme Sommertag beanspruchte unsere Kondition doch sehr. Wir waren daher sehr erfreut, dass der Wirt der Rifugio Brentei einen Kiosk eingerichtet hat. Mehrere g\u00f6nnten sich ein frisch gezapftes Bier. Nach der Pause nahmen wir unser Tagesziel, die Rifugio Alimonta wieder in Angriff. Im Abendlicht genossen wir wieder ein Berggewitter mit brilliantem Regenbogen. <br \/><span style=\"text-decoration: underline;\"><strong>Tag 6:<\/strong><\/span><br \/>Ein tiefblauer Himmel am Morgen lie\u00df uns zu unserer letzten Etappe, \u00fcber den Sentieri SOSAT und die Rifugio Tuckett zur Bergstation der Groste-Seilbahn aufbrechen. Wir erreichten um ca. 13 Uhr die Bergstation der Bahn und fuhren nach einer St\u00e4rkung wieder hinab zur Talstation wo sich unsere harmonische Gruppe wieder aufl\u00f6ste. Herrliche Tage bei bestem Wetter und toller Kameradschaft werden uns noch lange in Erinnerung bleiben.<\/p>\t\t\t\t\t<\/div>\n\t\t\t\t\t\t<\/div>\n\t\t\t\t<\/div>\n\t\t\t\t\t\t<\/div>\n\t\t\t\t\t<\/div>\n\t\t<\/div>\n\t\t\t\t\t\t\t\t<\/div>\n\t\t\t\t\t<\/div>\n\t\t<\/section>\n\t\t\t\t<section class=\"elementor-section elementor-top-section elementor-element elementor-element-d929162 elementor-section-boxed elementor-section-height-default elementor-section-height-default\" data-id=\"d929162\" data-element_type=\"section\">\n\t\t\t\t\t\t<div class=\"elementor-container elementor-column-gap-default\">\n\t\t\t\t\t\t\t<div class=\"elementor-row\">\n\t\t\t\t\t<div class=\"elementor-column elementor-col-33 elementor-top-column elementor-element elementor-element-fc9a2a4\" data-id=\"fc9a2a4\" data-element_type=\"column\">\n\t\t\t<div class=\"elementor-column-wrap elementor-element-populated\">\n\t\t\t\t\t\t\t<div class=\"elementor-widget-wrap\">\n\t\t\t\t\t\t<div class=\"elementor-element elementor-element-cdeea9c elementor-widget elementor-widget-image\" data-id=\"cdeea9c\" data-element_type=\"widget\" data-widget_type=\"image.default\">\n\t\t\t\t<div class=\"elementor-widget-container\">\n\t\t\t\t\t\t\t\t<div class=\"elementor-image\">\n\t\t\t\t\t\t\t\t\t\t\t\t<img loading=\"lazy\" decoding=\"async\" width=\"150\" height=\"150\" src=\"https:\/\/schugg-oberstdorf.de\/wp-content\/uploads\/2020\/10\/Bergwandern-orange-150x150.jpeg\" class=\"attachment-thumbnail size-thumbnail\" alt=\"\" srcset=\"https:\/\/schugg-oberstdorf.de\/wp-content\/uploads\/2020\/10\/Bergwandern-orange-150x150.jpeg 150w, https:\/\/schugg-oberstdorf.de\/wp-content\/uploads\/2020\/10\/Bergwandern-orange.jpeg 225w\" sizes=\"(max-width: 150px) 100vw, 150px\" \/>\t\t\t\t\t\t\t\t\t\t\t\t\t\t<\/div>\n\t\t\t\t\t\t<\/div>\n\t\t\t\t<\/div>\n\t\t\t\t\t\t<\/div>\n\t\t\t\t\t<\/div>\n\t\t<\/div>\n\t\t\t\t<div class=\"elementor-column elementor-col-33 elementor-top-column elementor-element elementor-element-0d39ede\" data-id=\"0d39ede\" data-element_type=\"column\">\n\t\t\t<div class=\"elementor-column-wrap elementor-element-populated\">\n\t\t\t\t\t\t\t<div class=\"elementor-widget-wrap\">\n\t\t\t\t\t\t<div class=\"elementor-element elementor-element-3c19be2 elementor-widget elementor-widget-image\" data-id=\"3c19be2\" data-element_type=\"widget\" data-widget_type=\"image.default\">\n\t\t\t\t<div class=\"elementor-widget-container\">\n\t\t\t\t\t\t\t\t<div class=\"elementor-image\">\n\t\t\t\t\t\t\t\t\t\t\t\t<img loading=\"lazy\" decoding=\"async\" width=\"150\" height=\"150\" src=\"https:\/\/schugg-oberstdorf.de\/wp-content\/uploads\/2020\/10\/Klettersteig-orange-150x150.jpeg\" class=\"attachment-thumbnail size-thumbnail\" alt=\"\" srcset=\"https:\/\/schugg-oberstdorf.de\/wp-content\/uploads\/2020\/10\/Klettersteig-orange-150x150.jpeg 150w, https:\/\/schugg-oberstdorf.de\/wp-content\/uploads\/2020\/10\/Klettersteig-orange.jpeg 225w\" sizes=\"(max-width: 150px) 100vw, 150px\" \/>\t\t\t\t\t\t\t\t\t\t\t\t\t\t<\/div>\n\t\t\t\t\t\t<\/div>\n\t\t\t\t<\/div>\n\t\t\t\t\t\t<\/div>\n\t\t\t\t\t<\/div>\n\t\t<\/div>\n\t\t\t\t<div class=\"elementor-column elementor-col-33 elementor-top-column elementor-element elementor-element-cc31583\" data-id=\"cc31583\" data-element_type=\"column\">\n\t\t\t<div class=\"elementor-column-wrap\">\n\t\t\t\t\t\t\t<div class=\"elementor-widget-wrap\">\n\t\t\t\t\t\t\t\t<\/div>\n\t\t\t\t\t<\/div>\n\t\t<\/div>\n\t\t\t\t\t\t\t\t<\/div>\n\t\t\t\t\t<\/div>\n\t\t<\/section>\n\t\t\t\t\t\t\t\t\t<\/div>\n\t\t\t<\/div>\n\t\t\t\t\t<\/div>\n\t\t","protected":false},"excerpt":{"rendered":"<p>Brenta Via delle Bochette Tour 17.07. &#8211; 22.07.2022 Zur\u00fcck Weiter Tag 1:P\u00fcnktlich trafen wir uns in Madonna di Campiglio an der Groste-Bahn zur Auffahrt. Ein sch\u00f6ner Sommertag lies uns den Aufstieg von 176 H\u00f6henmeter von der Mittelstation zur Rifugio Graffer leicht \u00fcberwinden. Wir bezogen unsere Zimmer und genossen das Abendessen und die herrliche Abendstimmung. Tag [&hellip;]<\/p>\n","protected":false},"author":1,"featured_media":0,"parent":42,"menu_order":0,"comment_status":"closed","ping_status":"closed","template":"","meta":{"footnotes":""},"_links":{"self":[{"href":"https:\/\/schugg-oberstdorf.de\/index.php?rest_route=\/wp\/v2\/pages\/111"}],"collection":[{"href":"https:\/\/schugg-oberstdorf.de\/index.php?rest_route=\/wp\/v2\/pages"}],"about":[{"href":"https:\/\/schugg-oberstdorf.de\/index.php?rest_route=\/wp\/v2\/types\/page"}],"author":[{"embeddable":true,"href":"https:\/\/schugg-oberstdorf.de\/index.php?rest_route=\/wp\/v2\/users\/1"}],"replies":[{"embeddable":true,"href":"https:\/\/schugg-oberstdorf.de\/index.php?rest_route=%2Fwp%2Fv2%2Fcomments&post=111"}],"version-history":[{"count":21,"href":"https:\/\/schugg-oberstdorf.de\/index.php?rest_route=\/wp\/v2\/pages\/111\/revisions"}],"predecessor-version":[{"id":894,"href":"https:\/\/schugg-oberstdorf.de\/index.php?rest_route=\/wp\/v2\/pages\/111\/revisions\/894"}],"up":[{"embeddable":true,"href":"https:\/\/schugg-oberstdorf.de\/index.php?rest_route=\/wp\/v2\/pages\/42"}],"wp:attachment":[{"href":"https:\/\/schugg-oberstdorf.de\/index.php?rest_route=%2Fwp%2Fv2%2Fmedia&parent=111"}],"curies":[{"name":"wp","href":"https:\/\/api.w.org\/{rel}","templated":true}]}}