{"id":306,"date":"2020-10-19T11:30:56","date_gmt":"2020-10-19T11:30:56","guid":{"rendered":"https:\/\/schugg-oberstdorf.de\/?page_id=306"},"modified":"2020-10-29T09:45:32","modified_gmt":"2020-10-29T09:45:32","slug":"zugspitze","status":"publish","type":"page","link":"https:\/\/schugg-oberstdorf.de\/?page_id=306","title":{"rendered":"Zugspitze"},"content":{"rendered":"\t\t<div data-elementor-type=\"wp-page\" data-elementor-id=\"306\" class=\"elementor elementor-306\">\n\t\t\t\t\t\t<div class=\"elementor-inner\">\n\t\t\t\t<div class=\"elementor-section-wrap\">\n\t\t\t\t\t\t\t\t\t<section class=\"elementor-section elementor-top-section elementor-element elementor-element-6b0b158 elementor-section-boxed elementor-section-height-default elementor-section-height-default\" data-id=\"6b0b158\" data-element_type=\"section\">\n\t\t\t\t\t\t<div class=\"elementor-container elementor-column-gap-default\">\n\t\t\t\t\t\t\t<div class=\"elementor-row\">\n\t\t\t\t\t<div class=\"elementor-column elementor-col-100 elementor-top-column elementor-element elementor-element-7f87886\" data-id=\"7f87886\" data-element_type=\"column\">\n\t\t\t<div class=\"elementor-column-wrap elementor-element-populated\">\n\t\t\t\t\t\t\t<div class=\"elementor-widget-wrap\">\n\t\t\t\t\t\t<div class=\"elementor-element elementor-element-4fba4d7 elementor-widget elementor-widget-heading\" data-id=\"4fba4d7\" data-element_type=\"widget\" data-widget_type=\"heading.default\">\n\t\t\t\t<div class=\"elementor-widget-container\">\n\t\t\t<h2 class=\"elementor-heading-title elementor-size-default\">Mauerl\u00e4ufer - Alpspitze - Zugspitze<\/h2>\t\t<\/div>\n\t\t\t\t<\/div>\n\t\t\t\t\t\t<\/div>\n\t\t\t\t\t<\/div>\n\t\t<\/div>\n\t\t\t\t\t\t\t\t<\/div>\n\t\t\t\t\t<\/div>\n\t\t<\/section>\n\t\t\t\t<section class=\"elementor-section elementor-top-section elementor-element elementor-element-c81c2c9 elementor-section-boxed elementor-section-height-default elementor-section-height-default\" data-id=\"c81c2c9\" data-element_type=\"section\">\n\t\t\t\t\t\t<div class=\"elementor-container elementor-column-gap-default\">\n\t\t\t\t\t\t\t<div class=\"elementor-row\">\n\t\t\t\t\t<div class=\"elementor-column elementor-col-100 elementor-top-column elementor-element elementor-element-b3616b9\" data-id=\"b3616b9\" data-element_type=\"column\">\n\t\t\t<div class=\"elementor-column-wrap elementor-element-populated\">\n\t\t\t\t\t\t\t<div class=\"elementor-widget-wrap\">\n\t\t\t\t\t\t<div class=\"elementor-element elementor-element-3cc6595 elementor-arrows-position-inside elementor-pagination-position-outside elementor-widget elementor-widget-image-carousel\" data-id=\"3cc6595\" data-element_type=\"widget\" data-settings=\"{&quot;navigation&quot;:&quot;both&quot;,&quot;autoplay&quot;:&quot;yes&quot;,&quot;pause_on_hover&quot;:&quot;yes&quot;,&quot;pause_on_interaction&quot;:&quot;yes&quot;,&quot;autoplay_speed&quot;:5000,&quot;infinite&quot;:&quot;yes&quot;,&quot;speed&quot;:500}\" data-widget_type=\"image-carousel.default\">\n\t\t\t\t<div class=\"elementor-widget-container\">\n\t\t\t\t\t<div class=\"elementor-image-carousel-wrapper swiper-container\" dir=\"ltr\">\n\t\t\t<div class=\"elementor-image-carousel swiper-wrapper\">\n\t\t\t\t\t\t\t\t<div class=\"swiper-slide\"><figure class=\"swiper-slide-inner\"><img decoding=\"async\" class=\"swiper-slide-image\" src=\"https:\/\/schugg-oberstdorf.de\/wp-content\/uploads\/2020\/10\/20190826_082531-2-768x1024.jpg\" alt=\"20190826_082531\" \/><\/figure><\/div><div class=\"swiper-slide\"><figure class=\"swiper-slide-inner\"><img decoding=\"async\" class=\"swiper-slide-image\" src=\"https:\/\/schugg-oberstdorf.de\/wp-content\/uploads\/2020\/10\/20190827_074050-2-768x576.jpg\" alt=\"20190827_074050\" \/><\/figure><\/div><div class=\"swiper-slide\"><figure class=\"swiper-slide-inner\"><img decoding=\"async\" class=\"swiper-slide-image\" src=\"https:\/\/schugg-oberstdorf.de\/wp-content\/uploads\/2020\/10\/20190827_074057-2-768x1024.jpg\" alt=\"20190827_074057\" \/><\/figure><\/div><div class=\"swiper-slide\"><figure class=\"swiper-slide-inner\"><img decoding=\"async\" class=\"swiper-slide-image\" src=\"https:\/\/schugg-oberstdorf.de\/wp-content\/uploads\/2020\/10\/IMG-20190828-WA0030-2-768x576.jpg\" alt=\"IMG-20190828-WA0030\" \/><\/figure><\/div><div class=\"swiper-slide\"><figure class=\"swiper-slide-inner\"><img decoding=\"async\" class=\"swiper-slide-image\" src=\"https:\/\/schugg-oberstdorf.de\/wp-content\/uploads\/2020\/10\/20180827_125337-768x1024.jpg\" alt=\"20180827_125337\" \/><\/figure><\/div><div class=\"swiper-slide\"><figure class=\"swiper-slide-inner\"><img decoding=\"async\" class=\"swiper-slide-image\" src=\"https:\/\/schugg-oberstdorf.de\/wp-content\/uploads\/2020\/10\/IMG-20190827-WA0000-2-768x1024.jpg\" alt=\"IMG-20190827-WA0000\" \/><\/figure><\/div><div class=\"swiper-slide\"><figure class=\"swiper-slide-inner\"><img decoding=\"async\" class=\"swiper-slide-image\" src=\"https:\/\/schugg-oberstdorf.de\/wp-content\/uploads\/2020\/10\/20180827_125320-768x1024.jpg\" alt=\"20180827_125320\" \/><\/figure><\/div>\t\t\t<\/div>\n\t\t\t\t\t\t\t\t\t\t\t\t<div class=\"swiper-pagination\"><\/div>\n\t\t\t\t\t\t\t\t\t\t\t\t\t<div class=\"elementor-swiper-button elementor-swiper-button-prev\">\n\t\t\t\t\t\t<i aria-hidden=\"true\" class=\"eicon-chevron-left\"><\/i>\t\t\t\t\t\t<span class=\"elementor-screen-only\">Zur\u00fcck<\/span>\n\t\t\t\t\t<\/div>\n\t\t\t\t\t<div class=\"elementor-swiper-button elementor-swiper-button-next\">\n\t\t\t\t\t\t<i aria-hidden=\"true\" class=\"eicon-chevron-right\"><\/i>\t\t\t\t\t\t<span class=\"elementor-screen-only\">Weiter<\/span>\n\t\t\t\t\t<\/div>\n\t\t\t\t\t\t\t\t\t<\/div>\n\t\t\t\t<\/div>\n\t\t\t\t<\/div>\n\t\t\t\t\t\t<\/div>\n\t\t\t\t\t<\/div>\n\t\t<\/div>\n\t\t\t\t\t\t\t\t<\/div>\n\t\t\t\t\t<\/div>\n\t\t<\/section>\n\t\t\t\t<section class=\"elementor-section elementor-top-section elementor-element elementor-element-f13844d elementor-section-boxed elementor-section-height-default elementor-section-height-default\" data-id=\"f13844d\" data-element_type=\"section\">\n\t\t\t\t\t\t<div class=\"elementor-container elementor-column-gap-default\">\n\t\t\t\t\t\t\t<div class=\"elementor-row\">\n\t\t\t\t\t<div class=\"elementor-column elementor-col-33 elementor-top-column elementor-element elementor-element-0569779\" data-id=\"0569779\" data-element_type=\"column\">\n\t\t\t<div class=\"elementor-column-wrap elementor-element-populated\">\n\t\t\t\t\t\t\t<div class=\"elementor-widget-wrap\">\n\t\t\t\t\t\t<div class=\"elementor-element elementor-element-1875849 elementor-widget elementor-widget-text-editor\" data-id=\"1875849\" data-element_type=\"widget\" data-widget_type=\"text-editor.default\">\n\t\t\t\t<div class=\"elementor-widget-container\">\n\t\t\t\t\t\t\t\t<div class=\"elementor-text-editor elementor-clearfix\">\n\t\t\t\t<p><span style=\"text-decoration: underline;\"><strong>Tag 1:<br \/><\/strong><\/span>Von Kreuzeckhaus liefen wir \u00fcber einen Schotterweg zum Einstieg vom Mauerl\u00e4ufersteig. <br \/>Der Einstieg zum Klettersteig begann mit der Schwierigkeit D\/E, die Schwierigkeitsstufe hielt \u00fcber den gro\u00dfen Teil des Klettersteigs an. Im Weiteren Verlauf des Klettersteigs, kletterten wir \u00fcber leichte \u00dcberh\u00e4nge, Drahtseilleitern und am Schluss \u00fcber eine Drahtseilbr\u00fccke. Nach diesem Anspruchsvollen und sehr sch\u00f6nen Klettersteig kamen wir am Berg-Gipfel des Bernadeinkopf heraus. Zur\u00fcck an der Bergh\u00fctte genossen wir beim Anblick ins Tal Kaffee und Kuchen.<\/p><p><strong><span style=\"text-decoration: underline;\">Tag 2:<\/span><br \/><\/strong>In der Fr\u00fch packten wir nach einem reichlichen Fr\u00fchst\u00fcck unseren Sachen in den Rucksack und begonnen unsere n\u00e4chste Etappe \u00fcber die Alpspitze zur H\u00f6llentalangerh\u00fctte. Auf der Alpspitze (2628m) erwartete uns eine sch\u00f6ne Aussicht in die Berge auf die Ortschaft Garmisch-Partenkirchen. <br \/><br \/><\/p>\t\t\t\t\t<\/div>\n\t\t\t\t\t\t<\/div>\n\t\t\t\t<\/div>\n\t\t\t\t\t\t<\/div>\n\t\t\t\t\t<\/div>\n\t\t<\/div>\n\t\t\t\t<div class=\"elementor-column elementor-col-33 elementor-top-column elementor-element elementor-element-a2a8b9b\" data-id=\"a2a8b9b\" data-element_type=\"column\">\n\t\t\t<div class=\"elementor-column-wrap elementor-element-populated\">\n\t\t\t\t\t\t\t<div class=\"elementor-widget-wrap\">\n\t\t\t\t\t\t<div class=\"elementor-element elementor-element-052872e elementor-widget elementor-widget-text-editor\" data-id=\"052872e\" data-element_type=\"widget\" data-widget_type=\"text-editor.default\">\n\t\t\t\t<div class=\"elementor-widget-container\">\n\t\t\t\t\t\t\t\t<div class=\"elementor-text-editor elementor-clearfix\">\n\t\t\t\t<p>Von der Alpspitze liefen wir \u00fcber einen Berggrat bergab zur H\u00f6llentalangerh\u00fctte. Im Flussbett des H\u00f6llentales lie\u00dfen wir den Nachmittag mit Steinm\u00e4nnchen bauen ausklingen.<\/p><p><strong><span style=\"text-decoration: underline;\">Tag 3:<\/span><br \/><\/strong>Nach dem Fr\u00fchst\u00fcck um 5 Uhr ging es durch das H\u00f6llental in Richtung Zugspitze. Trotz den n\u00e4chtlichen Regeng\u00fcssen kamen wir bei v\u00f6lliger Dunkelheit, dank unseren Stirnlampen, gut voran. Als wir gegen 6 Uhr unsere Stirnlampen ausknipsten und die nebelige Morgend\u00e4mmerung genossen, war das \u201eBrett\u201c auch nicht mehr weit. Nach dem Anlegen unserer Kletterausr\u00fcstung meisterten wir das Brett und weitere Kletterpassagen. Die folgende Gehpassage durch Latschen und Ger\u00f6ll zog sich bis zum Gletscher. Bei einer kurzen Pause schn\u00fcrten wir uns die Steigeisen und Gr\u00f6del an die Bergschuhe und machten uns auf ins Schneefeld.<\/p>\t\t\t\t\t<\/div>\n\t\t\t\t\t\t<\/div>\n\t\t\t\t<\/div>\n\t\t\t\t\t\t<\/div>\n\t\t\t\t\t<\/div>\n\t\t<\/div>\n\t\t\t\t<div class=\"elementor-column elementor-col-33 elementor-top-column elementor-element elementor-element-d0dc228\" data-id=\"d0dc228\" data-element_type=\"column\">\n\t\t\t<div class=\"elementor-column-wrap elementor-element-populated\">\n\t\t\t\t\t\t\t<div class=\"elementor-widget-wrap\">\n\t\t\t\t\t\t<div class=\"elementor-element elementor-element-b78b911 elementor-widget elementor-widget-text-editor\" data-id=\"b78b911\" data-element_type=\"widget\" data-widget_type=\"text-editor.default\">\n\t\t\t\t<div class=\"elementor-widget-container\">\n\t\t\t\t\t\t\t\t<div class=\"elementor-text-editor elementor-clearfix\">\n\t\t\t\t<p>Die Gletscherspalten umgingen wir sicher und erreichten die Randkluft und somit den Einstieg des Klettersteigs. Nachdem wir die Steigeisen und Schuhe abgeklopft hatten, machten wir uns auf in den Klettersteig. Hier belohnte uns auch erstmals die Sonne f\u00fcr unser Bem\u00fchen und die Aussicht wurde zunehmend spektakul\u00e4rer. Nach einigen H\u00f6henmetern zeigte sich auch erstmals das Gipfelkreuz, das uns trotz der immer d\u00fcnner werdenden Luft zus\u00e4tzlich motivierte. An der Irmerscharte angekommen erblickten wir die wundersch\u00f6ne Aussicht auf den Eibsee und der Gipfel schien nicht mehr weit. Als auch die letzten H\u00f6henmeter bew\u00e4ltigten wurden, erk\u00e4mpften wir uns nach insgesamt 5,5 Stunden einen Platz am Gipfelkreuz. Anschlie\u00dfend genossen wir die sch\u00f6ne Aussicht und belohnten uns mit einer Pause am M\u00fcnchner Haus. Zuletzt brachte uns die Zugspitzbahn zur\u00fcck ins Tal und wir konnten einen letzten Blick auf unseren heutigen Anstieg werfen. Die Zahnradbahn brachte uns zur\u00fcck zu unserem Ausgangspunkt und wir lie\u00dfen die Tour bei der gemeinsamen Fahrt ausklingen.<\/p>\t\t\t\t\t<\/div>\n\t\t\t\t\t\t<\/div>\n\t\t\t\t<\/div>\n\t\t\t\t\t\t<\/div>\n\t\t\t\t\t<\/div>\n\t\t<\/div>\n\t\t\t\t\t\t\t\t<\/div>\n\t\t\t\t\t<\/div>\n\t\t<\/section>\n\t\t\t\t<section class=\"elementor-section elementor-top-section elementor-element elementor-element-d61f46f elementor-section-boxed elementor-section-height-default elementor-section-height-default\" data-id=\"d61f46f\" data-element_type=\"section\">\n\t\t\t\t\t\t<div class=\"elementor-container elementor-column-gap-default\">\n\t\t\t\t\t\t\t<div class=\"elementor-row\">\n\t\t\t\t\t<div class=\"elementor-column elementor-col-33 elementor-top-column elementor-element elementor-element-ea1b52c\" data-id=\"ea1b52c\" data-element_type=\"column\">\n\t\t\t<div class=\"elementor-column-wrap elementor-element-populated\">\n\t\t\t\t\t\t\t<div class=\"elementor-widget-wrap\">\n\t\t\t\t\t\t<div class=\"elementor-element elementor-element-07a701b elementor-widget elementor-widget-image\" data-id=\"07a701b\" data-element_type=\"widget\" data-widget_type=\"image.default\">\n\t\t\t\t<div class=\"elementor-widget-container\">\n\t\t\t\t\t\t\t\t<div class=\"elementor-image\">\n\t\t\t\t\t\t\t\t\t\t\t\t<img loading=\"lazy\" decoding=\"async\" width=\"150\" height=\"150\" src=\"https:\/\/schugg-oberstdorf.de\/wp-content\/uploads\/2020\/10\/Bergwandern-orange-150x150.jpeg\" class=\"attachment-thumbnail size-thumbnail\" alt=\"\" srcset=\"https:\/\/schugg-oberstdorf.de\/wp-content\/uploads\/2020\/10\/Bergwandern-orange-150x150.jpeg 150w, https:\/\/schugg-oberstdorf.de\/wp-content\/uploads\/2020\/10\/Bergwandern-orange.jpeg 225w\" sizes=\"(max-width: 150px) 100vw, 150px\" \/>\t\t\t\t\t\t\t\t\t\t\t\t\t\t<\/div>\n\t\t\t\t\t\t<\/div>\n\t\t\t\t<\/div>\n\t\t\t\t\t\t<\/div>\n\t\t\t\t\t<\/div>\n\t\t<\/div>\n\t\t\t\t<div class=\"elementor-column elementor-col-33 elementor-top-column elementor-element elementor-element-9297149\" data-id=\"9297149\" data-element_type=\"column\">\n\t\t\t<div class=\"elementor-column-wrap elementor-element-populated\">\n\t\t\t\t\t\t\t<div class=\"elementor-widget-wrap\">\n\t\t\t\t\t\t<div class=\"elementor-element elementor-element-7b85581 elementor-widget elementor-widget-image\" data-id=\"7b85581\" data-element_type=\"widget\" data-widget_type=\"image.default\">\n\t\t\t\t<div class=\"elementor-widget-container\">\n\t\t\t\t\t\t\t\t<div class=\"elementor-image\">\n\t\t\t\t\t\t\t\t\t\t\t\t<img loading=\"lazy\" decoding=\"async\" width=\"150\" height=\"150\" src=\"https:\/\/schugg-oberstdorf.de\/wp-content\/uploads\/2020\/10\/Klettersteig-orange-150x150.jpeg\" class=\"attachment-thumbnail size-thumbnail\" alt=\"\" srcset=\"https:\/\/schugg-oberstdorf.de\/wp-content\/uploads\/2020\/10\/Klettersteig-orange-150x150.jpeg 150w, https:\/\/schugg-oberstdorf.de\/wp-content\/uploads\/2020\/10\/Klettersteig-orange.jpeg 225w\" sizes=\"(max-width: 150px) 100vw, 150px\" \/>\t\t\t\t\t\t\t\t\t\t\t\t\t\t<\/div>\n\t\t\t\t\t\t<\/div>\n\t\t\t\t<\/div>\n\t\t\t\t\t\t<\/div>\n\t\t\t\t\t<\/div>\n\t\t<\/div>\n\t\t\t\t<div class=\"elementor-column elementor-col-33 elementor-top-column elementor-element elementor-element-4b5b7c7\" data-id=\"4b5b7c7\" data-element_type=\"column\">\n\t\t\t<div class=\"elementor-column-wrap\">\n\t\t\t\t\t\t\t<div class=\"elementor-widget-wrap\">\n\t\t\t\t\t\t\t\t<\/div>\n\t\t\t\t\t<\/div>\n\t\t<\/div>\n\t\t\t\t\t\t\t\t<\/div>\n\t\t\t\t\t<\/div>\n\t\t<\/section>\n\t\t\t\t\t\t\t\t\t<\/div>\n\t\t\t<\/div>\n\t\t\t\t\t<\/div>\n\t\t","protected":false},"excerpt":{"rendered":"<p>Mauerl\u00e4ufer &#8211; Alpspitze &#8211; Zugspitze Zur\u00fcck Weiter Tag 1:Von Kreuzeckhaus liefen wir \u00fcber einen Schotterweg zum Einstieg vom Mauerl\u00e4ufersteig. Der Einstieg zum Klettersteig begann mit der Schwierigkeit D\/E, die Schwierigkeitsstufe hielt \u00fcber den gro\u00dfen Teil des Klettersteigs an. Im Weiteren Verlauf des Klettersteigs, kletterten wir \u00fcber leichte \u00dcberh\u00e4nge, Drahtseilleitern und am Schluss \u00fcber eine Drahtseilbr\u00fccke. [&hellip;]<\/p>\n","protected":false},"author":2,"featured_media":0,"parent":42,"menu_order":0,"comment_status":"closed","ping_status":"closed","template":"","meta":{"footnotes":""},"_links":{"self":[{"href":"https:\/\/schugg-oberstdorf.de\/index.php?rest_route=\/wp\/v2\/pages\/306"}],"collection":[{"href":"https:\/\/schugg-oberstdorf.de\/index.php?rest_route=\/wp\/v2\/pages"}],"about":[{"href":"https:\/\/schugg-oberstdorf.de\/index.php?rest_route=\/wp\/v2\/types\/page"}],"author":[{"embeddable":true,"href":"https:\/\/schugg-oberstdorf.de\/index.php?rest_route=\/wp\/v2\/users\/2"}],"replies":[{"embeddable":true,"href":"https:\/\/schugg-oberstdorf.de\/index.php?rest_route=%2Fwp%2Fv2%2Fcomments&post=306"}],"version-history":[{"count":2,"href":"https:\/\/schugg-oberstdorf.de\/index.php?rest_route=\/wp\/v2\/pages\/306\/revisions"}],"predecessor-version":[{"id":633,"href":"https:\/\/schugg-oberstdorf.de\/index.php?rest_route=\/wp\/v2\/pages\/306\/revisions\/633"}],"up":[{"embeddable":true,"href":"https:\/\/schugg-oberstdorf.de\/index.php?rest_route=\/wp\/v2\/pages\/42"}],"wp:attachment":[{"href":"https:\/\/schugg-oberstdorf.de\/index.php?rest_route=%2Fwp%2Fv2%2Fmedia&parent=306"}],"curies":[{"name":"wp","href":"https:\/\/api.w.org\/{rel}","templated":true}]}}