{"id":349,"date":"2020-10-19T14:15:42","date_gmt":"2020-10-19T14:15:42","guid":{"rendered":"https:\/\/schugg-oberstdorf.de\/?page_id=349"},"modified":"2021-03-11T08:31:09","modified_gmt":"2021-03-11T08:31:09","slug":"gardasee","status":"publish","type":"page","link":"https:\/\/schugg-oberstdorf.de\/?page_id=349","title":{"rendered":"Gardasee"},"content":{"rendered":"\t\t<div data-elementor-type=\"wp-page\" data-elementor-id=\"349\" class=\"elementor elementor-349\">\n\t\t\t\t\t\t<div class=\"elementor-inner\">\n\t\t\t\t<div class=\"elementor-section-wrap\">\n\t\t\t\t\t\t\t\t\t<section class=\"elementor-section elementor-top-section elementor-element elementor-element-6b0b158 elementor-section-boxed elementor-section-height-default elementor-section-height-default\" data-id=\"6b0b158\" data-element_type=\"section\">\n\t\t\t\t\t\t<div class=\"elementor-container elementor-column-gap-default\">\n\t\t\t\t\t\t\t<div class=\"elementor-row\">\n\t\t\t\t\t<div class=\"elementor-column elementor-col-50 elementor-top-column elementor-element elementor-element-7f87886\" data-id=\"7f87886\" data-element_type=\"column\">\n\t\t\t<div class=\"elementor-column-wrap elementor-element-populated\">\n\t\t\t\t\t\t\t<div class=\"elementor-widget-wrap\">\n\t\t\t\t\t\t<div class=\"elementor-element elementor-element-4fba4d7 elementor-widget elementor-widget-heading\" data-id=\"4fba4d7\" data-element_type=\"widget\" data-widget_type=\"heading.default\">\n\t\t\t\t<div class=\"elementor-widget-container\">\n\t\t\t<h2 class=\"elementor-heading-title elementor-size-default\">Klettersteig SPEZIAL Gardasee<\/h2>\t\t<\/div>\n\t\t\t\t<\/div>\n\t\t\t\t\t\t<\/div>\n\t\t\t\t\t<\/div>\n\t\t<\/div>\n\t\t\t\t<div class=\"elementor-column elementor-col-50 elementor-top-column elementor-element elementor-element-16a21f0\" data-id=\"16a21f0\" data-element_type=\"column\">\n\t\t\t<div class=\"elementor-column-wrap elementor-element-populated\">\n\t\t\t\t\t\t\t<div class=\"elementor-widget-wrap\">\n\t\t\t\t\t\t<div class=\"elementor-element elementor-element-af114fc elementor-widget elementor-widget-image\" data-id=\"af114fc\" data-element_type=\"widget\" data-widget_type=\"image.default\">\n\t\t\t\t<div class=\"elementor-widget-container\">\n\t\t\t\t\t\t\t\t<div class=\"elementor-image\">\n\t\t\t\t\t\t\t\t\t\t\t\t<img loading=\"lazy\" decoding=\"async\" width=\"300\" height=\"144\" src=\"https:\/\/schugg-oberstdorf.de\/wp-content\/uploads\/2020\/10\/LogoDAV_RGB-300x144.jpg\" class=\"attachment-medium size-medium\" alt=\"\" srcset=\"https:\/\/schugg-oberstdorf.de\/wp-content\/uploads\/2020\/10\/LogoDAV_RGB-300x144.jpg 300w, https:\/\/schugg-oberstdorf.de\/wp-content\/uploads\/2020\/10\/LogoDAV_RGB-1024x491.jpg 1024w, https:\/\/schugg-oberstdorf.de\/wp-content\/uploads\/2020\/10\/LogoDAV_RGB-768x368.jpg 768w, https:\/\/schugg-oberstdorf.de\/wp-content\/uploads\/2020\/10\/LogoDAV_RGB-1536x737.jpg 1536w, https:\/\/schugg-oberstdorf.de\/wp-content\/uploads\/2020\/10\/LogoDAV_RGB-2048x982.jpg 2048w\" sizes=\"(max-width: 300px) 100vw, 300px\" \/>\t\t\t\t\t\t\t\t\t\t\t\t\t\t<\/div>\n\t\t\t\t\t\t<\/div>\n\t\t\t\t<\/div>\n\t\t\t\t\t\t<\/div>\n\t\t\t\t\t<\/div>\n\t\t<\/div>\n\t\t\t\t\t\t\t\t<\/div>\n\t\t\t\t\t<\/div>\n\t\t<\/section>\n\t\t\t\t<section class=\"elementor-section elementor-top-section elementor-element elementor-element-322d3c6 elementor-section-boxed elementor-section-height-default elementor-section-height-default\" data-id=\"322d3c6\" data-element_type=\"section\">\n\t\t\t\t\t\t<div class=\"elementor-container elementor-column-gap-default\">\n\t\t\t\t\t\t\t<div class=\"elementor-row\">\n\t\t\t\t\t<div class=\"elementor-column elementor-col-100 elementor-top-column elementor-element elementor-element-3f99042\" data-id=\"3f99042\" data-element_type=\"column\">\n\t\t\t<div class=\"elementor-column-wrap elementor-element-populated\">\n\t\t\t\t\t\t\t<div class=\"elementor-widget-wrap\">\n\t\t\t\t\t\t<div class=\"elementor-element elementor-element-d29aebf elementor-arrows-position-inside elementor-pagination-position-outside elementor-widget elementor-widget-image-carousel\" data-id=\"d29aebf\" data-element_type=\"widget\" data-settings=\"{&quot;navigation&quot;:&quot;both&quot;,&quot;autoplay&quot;:&quot;yes&quot;,&quot;pause_on_hover&quot;:&quot;yes&quot;,&quot;pause_on_interaction&quot;:&quot;yes&quot;,&quot;autoplay_speed&quot;:5000,&quot;infinite&quot;:&quot;yes&quot;,&quot;speed&quot;:500}\" data-widget_type=\"image-carousel.default\">\n\t\t\t\t<div class=\"elementor-widget-container\">\n\t\t\t\t\t<div class=\"elementor-image-carousel-wrapper swiper-container\" dir=\"ltr\">\n\t\t\t<div class=\"elementor-image-carousel swiper-wrapper\">\n\t\t\t\t\t\t\t\t<div class=\"swiper-slide\"><figure class=\"swiper-slide-inner\"><img decoding=\"async\" class=\"swiper-slide-image\" src=\"https:\/\/schugg-oberstdorf.de\/wp-content\/uploads\/2020\/10\/P1050724-300x225.jpg\" alt=\"P1050724\" \/><\/figure><\/div><div class=\"swiper-slide\"><figure class=\"swiper-slide-inner\"><img decoding=\"async\" class=\"swiper-slide-image\" src=\"https:\/\/schugg-oberstdorf.de\/wp-content\/uploads\/2020\/10\/P1050712-300x225.jpg\" alt=\"P1050712\" \/><\/figure><\/div><div class=\"swiper-slide\"><figure class=\"swiper-slide-inner\"><img decoding=\"async\" class=\"swiper-slide-image\" src=\"https:\/\/schugg-oberstdorf.de\/wp-content\/uploads\/2020\/10\/P1050704-300x225.jpg\" alt=\"P1050704\" \/><\/figure><\/div><div class=\"swiper-slide\"><figure class=\"swiper-slide-inner\"><img decoding=\"async\" class=\"swiper-slide-image\" src=\"https:\/\/schugg-oberstdorf.de\/wp-content\/uploads\/2020\/10\/P1050698-300x225.jpg\" alt=\"P1050698\" \/><\/figure><\/div><div class=\"swiper-slide\"><figure class=\"swiper-slide-inner\"><img decoding=\"async\" class=\"swiper-slide-image\" src=\"https:\/\/schugg-oberstdorf.de\/wp-content\/uploads\/2020\/10\/P1050684-300x143.jpg\" alt=\"P1050684\" \/><\/figure><\/div><div class=\"swiper-slide\"><figure class=\"swiper-slide-inner\"><img decoding=\"async\" class=\"swiper-slide-image\" src=\"https:\/\/schugg-oberstdorf.de\/wp-content\/uploads\/2020\/10\/P1050697-300x225.jpg\" alt=\"P1050697\" \/><\/figure><\/div><div class=\"swiper-slide\"><figure class=\"swiper-slide-inner\"><img decoding=\"async\" class=\"swiper-slide-image\" src=\"https:\/\/schugg-oberstdorf.de\/wp-content\/uploads\/2020\/10\/P1050665-300x225.jpg\" alt=\"P1050665\" \/><\/figure><\/div><div class=\"swiper-slide\"><figure class=\"swiper-slide-inner\"><img decoding=\"async\" class=\"swiper-slide-image\" src=\"https:\/\/schugg-oberstdorf.de\/wp-content\/uploads\/2020\/10\/P1050646-300x225.jpg\" alt=\"P1050646\" \/><\/figure><\/div><div class=\"swiper-slide\"><figure class=\"swiper-slide-inner\"><img decoding=\"async\" class=\"swiper-slide-image\" src=\"https:\/\/schugg-oberstdorf.de\/wp-content\/uploads\/2020\/10\/P1050641-300x225.jpg\" alt=\"P1050641\" \/><\/figure><\/div>\t\t\t<\/div>\n\t\t\t\t\t\t\t\t\t\t\t\t<div class=\"swiper-pagination\"><\/div>\n\t\t\t\t\t\t\t\t\t\t\t\t\t<div class=\"elementor-swiper-button elementor-swiper-button-prev\">\n\t\t\t\t\t\t<i aria-hidden=\"true\" class=\"eicon-chevron-left\"><\/i>\t\t\t\t\t\t<span class=\"elementor-screen-only\">Zur\u00fcck<\/span>\n\t\t\t\t\t<\/div>\n\t\t\t\t\t<div class=\"elementor-swiper-button elementor-swiper-button-next\">\n\t\t\t\t\t\t<i aria-hidden=\"true\" class=\"eicon-chevron-right\"><\/i>\t\t\t\t\t\t<span class=\"elementor-screen-only\">Weiter<\/span>\n\t\t\t\t\t<\/div>\n\t\t\t\t\t\t\t\t\t<\/div>\n\t\t\t\t<\/div>\n\t\t\t\t<\/div>\n\t\t\t\t\t\t<\/div>\n\t\t\t\t\t<\/div>\n\t\t<\/div>\n\t\t\t\t\t\t\t\t<\/div>\n\t\t\t\t\t<\/div>\n\t\t<\/section>\n\t\t\t\t<section class=\"elementor-section elementor-top-section elementor-element elementor-element-8f492b4 elementor-section-boxed elementor-section-height-default elementor-section-height-default\" data-id=\"8f492b4\" data-element_type=\"section\">\n\t\t\t\t\t\t<div class=\"elementor-container elementor-column-gap-default\">\n\t\t\t\t\t\t\t<div class=\"elementor-row\">\n\t\t\t\t\t<div class=\"elementor-column elementor-col-33 elementor-top-column elementor-element elementor-element-4304eb1\" data-id=\"4304eb1\" data-element_type=\"column\">\n\t\t\t<div class=\"elementor-column-wrap elementor-element-populated\">\n\t\t\t\t\t\t\t<div class=\"elementor-widget-wrap\">\n\t\t\t\t\t\t<div class=\"elementor-element elementor-element-5501210 elementor-widget elementor-widget-text-editor\" data-id=\"5501210\" data-element_type=\"widget\" data-widget_type=\"text-editor.default\">\n\t\t\t\t<div class=\"elementor-widget-container\">\n\t\t\t\t\t\t\t\t<div class=\"elementor-text-editor elementor-clearfix\">\n\t\t\t\t<p>Der Lago di Garda ist geradezu ein Sinnbild f\u00fcr Urlaub. Das Gebiet um diesen sch\u00f6nen See hat viel zu bieten \u2013 es ist ein Wanderparadies. Windsurfer nutzen jede Brise und die Sonnenanbeter genie\u00dfen hier die ersten warmen Strahlen und auch die Mountainbiker kommen voll auf ihre Kosten. F\u00fcr Klettersteiggeher ist die Gegend ein Eldorado: am Nordende des Sees ragen schroffe Kalkfelsen auf, durch die spannende Via Ferratas f\u00fchren. Dank des milden Klimas sind hier Touren m\u00f6glich, wenn fr\u00fch im Jahr in den Alpen noch der Winter herrscht oder im Herbst die Temperaturen bereits gefallen sind.<\/p><p>Auch wer schon hier war, an dem ein oder anderen Klettersteig, so versuche ich bei dieser SPEZIAL Version bekannte und auch unbekannte Klettersteige zu gehen&#8230;.\u00a0 evtl. auf spezielle Art. Uns erwartet ein Klettersteigkurs, bei dem wir nach der Tour das mediterrane Flair des quirligen St\u00e4dtchens Riva del Garda erkunden k\u00f6nnen. Da die Region sehr viele Klettersteige aufweist, stellen wir hier nur einige davon vor. Es k\u00f6nnen jedoch auch andere Touren je nach den Verh\u00e4ltnissen und der Gruppenzusammensetzung vor Ort ausgesucht werden.<\/p><p>Unterkunft in Hotel oder Pension mit Halbpension in der Umgebung von Riva del Garda.<\/p><p><span style=\"text-decoration: underline;\"><strong>DAV Oberstdorf<\/strong><\/span><\/p><p><strong>Termin \u00a0 \u00a0 \u00a0 13.09. &#8211; 17.09.<\/strong><b>2021<\/b>\u00a0 <strong>Montag &#8211; Freitag\u00a0\u00a0\u00a0\u00a0 max. 6 Teilnehmer<\/strong><\/p><p><strong>alternativ \u00a0 04.10. &#8211; 08.10.2021\u00a0 Montag &#8211; Freitag \u00a0\u00a0\u00a0 max. 6 Teilnehmer<\/strong><\/p><p class=\"western\"><strong><span style=\"text-decoration: underline;\">Tourenleiter:<\/span> <\/strong><br \/>Wolfgang Schugg<br \/>87561 Oberstdorf<br \/>DAV Trainer B Alpinklettern<br \/>DAV Trainer B Klettersteige<br \/>Mobil: +49 1753257365<\/p>\t\t\t\t\t<\/div>\n\t\t\t\t\t\t<\/div>\n\t\t\t\t<\/div>\n\t\t\t\t\t\t<\/div>\n\t\t\t\t\t<\/div>\n\t\t<\/div>\n\t\t\t\t<div class=\"elementor-column elementor-col-33 elementor-top-column elementor-element elementor-element-87886e8\" data-id=\"87886e8\" data-element_type=\"column\">\n\t\t\t<div class=\"elementor-column-wrap elementor-element-populated\">\n\t\t\t\t\t\t\t<div class=\"elementor-widget-wrap\">\n\t\t\t\t\t\t<div class=\"elementor-element elementor-element-ad11359 elementor-widget elementor-widget-image\" data-id=\"ad11359\" data-element_type=\"widget\" data-widget_type=\"image.default\">\n\t\t\t\t<div class=\"elementor-widget-container\">\n\t\t\t\t\t\t\t\t<div class=\"elementor-image\">\n\t\t\t\t\t\t\t\t\t\t\t\t<img loading=\"lazy\" decoding=\"async\" width=\"150\" height=\"150\" src=\"https:\/\/schugg-oberstdorf.de\/wp-content\/uploads\/2020\/10\/Klettersteig-orange-150x150.jpeg\" class=\"attachment-thumbnail size-thumbnail\" alt=\"\" srcset=\"https:\/\/schugg-oberstdorf.de\/wp-content\/uploads\/2020\/10\/Klettersteig-orange-150x150.jpeg 150w, https:\/\/schugg-oberstdorf.de\/wp-content\/uploads\/2020\/10\/Klettersteig-orange.jpeg 225w\" sizes=\"(max-width: 150px) 100vw, 150px\" \/>\t\t\t\t\t\t\t\t\t\t\t\t\t\t<\/div>\n\t\t\t\t\t\t<\/div>\n\t\t\t\t<\/div>\n\t\t\t\t\t\t<\/div>\n\t\t\t\t\t<\/div>\n\t\t<\/div>\n\t\t\t\t<div class=\"elementor-column elementor-col-33 elementor-top-column elementor-element elementor-element-b7e656e\" data-id=\"b7e656e\" data-element_type=\"column\">\n\t\t\t<div class=\"elementor-column-wrap elementor-element-populated\">\n\t\t\t\t\t\t\t<div class=\"elementor-widget-wrap\">\n\t\t\t\t\t\t<div class=\"elementor-element elementor-element-f4778a4 elementor-widget elementor-widget-image\" data-id=\"f4778a4\" data-element_type=\"widget\" data-widget_type=\"image.default\">\n\t\t\t\t<div class=\"elementor-widget-container\">\n\t\t\t\t\t\t\t\t<div class=\"elementor-image\">\n\t\t\t\t\t\t\t\t\t\t\t\t<img loading=\"lazy\" decoding=\"async\" width=\"768\" height=\"1024\" src=\"https:\/\/schugg-oberstdorf.de\/wp-content\/uploads\/2020\/10\/20200920_143828-scaled.jpg\" class=\"attachment-large size-large\" alt=\"\" srcset=\"https:\/\/schugg-oberstdorf.de\/wp-content\/uploads\/2020\/10\/20200920_143828-scaled.jpg 1920w, https:\/\/schugg-oberstdorf.de\/wp-content\/uploads\/2020\/10\/20200920_143828-225x300.jpg 225w, https:\/\/schugg-oberstdorf.de\/wp-content\/uploads\/2020\/10\/20200920_143828-1152x1536.jpg 1152w, https:\/\/schugg-oberstdorf.de\/wp-content\/uploads\/2020\/10\/20200920_143828-1536x2048.jpg 1536w\" sizes=\"(max-width: 768px) 100vw, 768px\" \/>\t\t\t\t\t\t\t\t\t\t\t\t\t\t<\/div>\n\t\t\t\t\t\t<\/div>\n\t\t\t\t<\/div>\n\t\t\t\t\t\t<\/div>\n\t\t\t\t\t<\/div>\n\t\t<\/div>\n\t\t\t\t\t\t\t\t<\/div>\n\t\t\t\t\t<\/div>\n\t\t<\/section>\n\t\t\t\t\t\t\t\t\t<\/div>\n\t\t\t<\/div>\n\t\t\t\t\t<\/div>\n\t\t","protected":false},"excerpt":{"rendered":"<p>Klettersteig SPEZIAL Gardasee Zur\u00fcck Weiter Der Lago di Garda ist geradezu ein Sinnbild f\u00fcr Urlaub. Das Gebiet um diesen sch\u00f6nen See hat viel zu bieten \u2013 es ist ein Wanderparadies. Windsurfer nutzen jede Brise und die Sonnenanbeter genie\u00dfen hier die ersten warmen Strahlen und auch die Mountainbiker kommen voll auf ihre Kosten. F\u00fcr Klettersteiggeher ist [&hellip;]<\/p>\n","protected":false},"author":2,"featured_media":0,"parent":308,"menu_order":0,"comment_status":"closed","ping_status":"closed","template":"","meta":{"footnotes":""},"_links":{"self":[{"href":"https:\/\/schugg-oberstdorf.de\/index.php?rest_route=\/wp\/v2\/pages\/349"}],"collection":[{"href":"https:\/\/schugg-oberstdorf.de\/index.php?rest_route=\/wp\/v2\/pages"}],"about":[{"href":"https:\/\/schugg-oberstdorf.de\/index.php?rest_route=\/wp\/v2\/types\/page"}],"author":[{"embeddable":true,"href":"https:\/\/schugg-oberstdorf.de\/index.php?rest_route=\/wp\/v2\/users\/2"}],"replies":[{"embeddable":true,"href":"https:\/\/schugg-oberstdorf.de\/index.php?rest_route=%2Fwp%2Fv2%2Fcomments&post=349"}],"version-history":[{"count":17,"href":"https:\/\/schugg-oberstdorf.de\/index.php?rest_route=\/wp\/v2\/pages\/349\/revisions"}],"predecessor-version":[{"id":698,"href":"https:\/\/schugg-oberstdorf.de\/index.php?rest_route=\/wp\/v2\/pages\/349\/revisions\/698"}],"up":[{"embeddable":true,"href":"https:\/\/schugg-oberstdorf.de\/index.php?rest_route=\/wp\/v2\/pages\/308"}],"wp:attachment":[{"href":"https:\/\/schugg-oberstdorf.de\/index.php?rest_route=%2Fwp%2Fv2%2Fmedia&parent=349"}],"curies":[{"name":"wp","href":"https:\/\/api.w.org\/{rel}","templated":true}]}}