{"id":356,"date":"2020-10-19T14:55:57","date_gmt":"2020-10-19T14:55:57","guid":{"rendered":"https:\/\/schugg-oberstdorf.de\/?page_id=356"},"modified":"2020-10-27T11:41:02","modified_gmt":"2020-10-27T11:41:02","slug":"dachstein","status":"publish","type":"page","link":"https:\/\/schugg-oberstdorf.de\/?page_id=356","title":{"rendered":"Dachstein"},"content":{"rendered":"\t\t<div data-elementor-type=\"wp-page\" data-elementor-id=\"356\" class=\"elementor elementor-356\">\n\t\t\t\t\t\t<div class=\"elementor-inner\">\n\t\t\t\t<div class=\"elementor-section-wrap\">\n\t\t\t\t\t\t\t\t\t<section class=\"elementor-section elementor-top-section elementor-element elementor-element-6b0b158 elementor-section-boxed elementor-section-height-default elementor-section-height-default\" data-id=\"6b0b158\" data-element_type=\"section\">\n\t\t\t\t\t\t<div class=\"elementor-container elementor-column-gap-default\">\n\t\t\t\t\t\t\t<div class=\"elementor-row\">\n\t\t\t\t\t<div class=\"elementor-column elementor-col-100 elementor-top-column elementor-element elementor-element-7f87886\" data-id=\"7f87886\" data-element_type=\"column\">\n\t\t\t<div class=\"elementor-column-wrap elementor-element-populated\">\n\t\t\t\t\t\t\t<div class=\"elementor-widget-wrap\">\n\t\t\t\t\t\t<div class=\"elementor-element elementor-element-4fba4d7 elementor-widget elementor-widget-heading\" data-id=\"4fba4d7\" data-element_type=\"widget\" data-widget_type=\"heading.default\">\n\t\t\t\t<div class=\"elementor-widget-container\">\n\t\t\t<h2 class=\"elementor-heading-title elementor-size-default\">Dachstein Ramsau<\/h2>\t\t<\/div>\n\t\t\t\t<\/div>\n\t\t\t\t\t\t<\/div>\n\t\t\t\t\t<\/div>\n\t\t<\/div>\n\t\t\t\t\t\t\t\t<\/div>\n\t\t\t\t\t<\/div>\n\t\t<\/section>\n\t\t\t\t<section class=\"elementor-section elementor-top-section elementor-element elementor-element-c81c2c9 elementor-section-boxed elementor-section-height-default elementor-section-height-default\" data-id=\"c81c2c9\" data-element_type=\"section\">\n\t\t\t\t\t\t<div class=\"elementor-container elementor-column-gap-default\">\n\t\t\t\t\t\t\t<div class=\"elementor-row\">\n\t\t\t\t\t<div class=\"elementor-column elementor-col-100 elementor-top-column elementor-element elementor-element-b3616b9\" data-id=\"b3616b9\" data-element_type=\"column\">\n\t\t\t<div class=\"elementor-column-wrap elementor-element-populated\">\n\t\t\t\t\t\t\t<div class=\"elementor-widget-wrap\">\n\t\t\t\t\t\t<div class=\"elementor-element elementor-element-3cc6595 elementor-arrows-position-inside elementor-pagination-position-outside elementor-widget elementor-widget-image-carousel\" data-id=\"3cc6595\" data-element_type=\"widget\" data-settings=\"{&quot;navigation&quot;:&quot;both&quot;,&quot;autoplay&quot;:&quot;yes&quot;,&quot;pause_on_hover&quot;:&quot;yes&quot;,&quot;pause_on_interaction&quot;:&quot;yes&quot;,&quot;autoplay_speed&quot;:5000,&quot;infinite&quot;:&quot;yes&quot;,&quot;speed&quot;:500}\" data-widget_type=\"image-carousel.default\">\n\t\t\t\t<div class=\"elementor-widget-container\">\n\t\t\t\t\t<div class=\"elementor-image-carousel-wrapper swiper-container\" dir=\"ltr\">\n\t\t\t<div class=\"elementor-image-carousel swiper-wrapper\">\n\t\t\t\t\t\t\t\t<div class=\"swiper-slide\"><figure class=\"swiper-slide-inner\"><img decoding=\"async\" class=\"swiper-slide-image\" src=\"https:\/\/schugg-oberstdorf.de\/wp-content\/uploads\/2020\/10\/20200814_113135-scaled.jpg\" alt=\"20200814_113135\" \/><\/figure><\/div><div class=\"swiper-slide\"><figure class=\"swiper-slide-inner\"><img decoding=\"async\" class=\"swiper-slide-image\" src=\"https:\/\/schugg-oberstdorf.de\/wp-content\/uploads\/2020\/10\/20200814_105349-scaled.jpg\" alt=\"20200814_105349\" \/><\/figure><\/div><div class=\"swiper-slide\"><figure class=\"swiper-slide-inner\"><img decoding=\"async\" class=\"swiper-slide-image\" src=\"https:\/\/schugg-oberstdorf.de\/wp-content\/uploads\/2020\/10\/20200814_093959-scaled.jpg\" alt=\"20200814_093959\" \/><\/figure><\/div><div class=\"swiper-slide\"><figure class=\"swiper-slide-inner\"><img decoding=\"async\" class=\"swiper-slide-image\" src=\"https:\/\/schugg-oberstdorf.de\/wp-content\/uploads\/2020\/10\/20200814_093955-scaled.jpg\" alt=\"20200814_093955\" \/><\/figure><\/div><div class=\"swiper-slide\"><figure class=\"swiper-slide-inner\"><img decoding=\"async\" class=\"swiper-slide-image\" src=\"https:\/\/schugg-oberstdorf.de\/wp-content\/uploads\/2020\/10\/20200813_120456-scaled.jpg\" alt=\"20200813_120456\" \/><\/figure><\/div><div class=\"swiper-slide\"><figure class=\"swiper-slide-inner\"><img decoding=\"async\" class=\"swiper-slide-image\" src=\"https:\/\/schugg-oberstdorf.de\/wp-content\/uploads\/2020\/10\/20200810_140540-scaled.jpg\" alt=\"20200810_140540\" \/><\/figure><\/div>\t\t\t<\/div>\n\t\t\t\t\t\t\t\t\t\t\t\t<div class=\"swiper-pagination\"><\/div>\n\t\t\t\t\t\t\t\t\t\t\t\t\t<div class=\"elementor-swiper-button elementor-swiper-button-prev\">\n\t\t\t\t\t\t<i aria-hidden=\"true\" class=\"eicon-chevron-left\"><\/i>\t\t\t\t\t\t<span class=\"elementor-screen-only\">Zur\u00fcck<\/span>\n\t\t\t\t\t<\/div>\n\t\t\t\t\t<div class=\"elementor-swiper-button elementor-swiper-button-next\">\n\t\t\t\t\t\t<i aria-hidden=\"true\" class=\"eicon-chevron-right\"><\/i>\t\t\t\t\t\t<span class=\"elementor-screen-only\">Weiter<\/span>\n\t\t\t\t\t<\/div>\n\t\t\t\t\t\t\t\t\t<\/div>\n\t\t\t\t<\/div>\n\t\t\t\t<\/div>\n\t\t\t\t\t\t<\/div>\n\t\t\t\t\t<\/div>\n\t\t<\/div>\n\t\t\t\t\t\t\t\t<\/div>\n\t\t\t\t\t<\/div>\n\t\t<\/section>\n\t\t\t\t<section class=\"elementor-section elementor-top-section elementor-element elementor-element-f13844d elementor-section-boxed elementor-section-height-default elementor-section-height-default\" data-id=\"f13844d\" data-element_type=\"section\">\n\t\t\t\t\t\t<div class=\"elementor-container elementor-column-gap-default\">\n\t\t\t\t\t\t\t<div class=\"elementor-row\">\n\t\t\t\t\t<div class=\"elementor-column elementor-col-33 elementor-top-column elementor-element elementor-element-0569779\" data-id=\"0569779\" data-element_type=\"column\">\n\t\t\t<div class=\"elementor-column-wrap elementor-element-populated\">\n\t\t\t\t\t\t\t<div class=\"elementor-widget-wrap\">\n\t\t\t\t\t\t<div class=\"elementor-element elementor-element-1875849 elementor-widget elementor-widget-text-editor\" data-id=\"1875849\" data-element_type=\"widget\" data-widget_type=\"text-editor.default\">\n\t\t\t\t<div class=\"elementor-widget-container\">\n\t\t\t\t\t\t\t\t<div class=\"elementor-text-editor elementor-clearfix\">\n\t\t\t\t<p><span style=\"text-decoration: underline;\"><strong>Tag 1:<br \/><\/strong><\/span>Nach der langen Anfahrt waren alle h\u00f6chst zufrieden, als wir zur \u201eEingehtour Hias KS\u201c aufbrachen<br \/>\u2013 damit sich Guide Wolfgang ein Bild machen konnte von den Ausdauer-\/Kraft- und<br \/>Kletterf\u00e4higkeiten der Neuzug\u00e4nge <br \/>Nach kurzem 10-min\u00fctigen Aufstieg erreichten wir den Einstieg vom Hias KS, der gleich mit einem \u201eZuckerl\u201c, einer kurzen Seilbr\u00fccke begann. Weiter ging\u2019s \u00fcber eine steile Rampe hinauf zu einem Grat, an dessen Ende eine 2.<br \/>Seilbr\u00fccke zu \u00fcberqueren war. Der KS war insgesamt kurz, aber \u201ezapfig\u201c, supergut gesichert<br \/>und mit vielen Tritthilfen versehen. Danach wanderten wir im schattigen Wald zur\u00fcck zur Klamm.<br \/>Ein t\u00fcrkisfarbener, eiskalter Gumpen lud zum Erfrischen ein.<\/p><p><span style=\"text-decoration: underline;\"><strong>Tag 2:<br \/><\/strong><\/span>Nachdem wir gestern etwas ge\u00fcbt haben, wagen wir uns heute an den ersten anspruchsvollen Klettersteig, den KS \u201eAnna\u201c.<br \/>Wir fahren zur Talstation der Dachstein Gletscherbahn. Zu Fu\u00df geht es weiter \u00fcber die<br \/>Dachstein-S\u00fcdwandh\u00fctte zum Einstieg in den Klettersteig auf ca. 1800m, Zustieg ca. 1<br \/>Stunde. Bestes Wetter, landschaftlich wundersch\u00f6n&#8230; Mal sehen, wie es jetzt weitergeht.<br \/>Der KS f\u00fchrt auf den Mitterstein (2100m), einem vorgelagerten Berg an der Dachstein-<br \/>S\u00fcdwand. Laut Topo ist der Schwierigkeitsgrad C, C\/D und auch D. Also kein Spaziergang.<br \/>Aber wie man sieht&#8230;ein Genussklettersteig, der aber auch etwas Kraft und Ausdauer<br \/>abverlangt. Sch\u00f6n ausgesetzt mit fantastischem Tiefblick \u2013 falls man das wertsch\u00e4tzt.<br \/><span style=\"text-decoration: underline;\"><strong><br \/><\/strong><\/span><\/p>\t\t\t\t\t<\/div>\n\t\t\t\t\t\t<\/div>\n\t\t\t\t<\/div>\n\t\t\t\t\t\t<\/div>\n\t\t\t\t\t<\/div>\n\t\t<\/div>\n\t\t\t\t<div class=\"elementor-column elementor-col-33 elementor-top-column elementor-element elementor-element-a2a8b9b\" data-id=\"a2a8b9b\" data-element_type=\"column\">\n\t\t\t<div class=\"elementor-column-wrap elementor-element-populated\">\n\t\t\t\t\t\t\t<div class=\"elementor-widget-wrap\">\n\t\t\t\t\t\t<div class=\"elementor-element elementor-element-052872e elementor-widget elementor-widget-text-editor\" data-id=\"052872e\" data-element_type=\"widget\" data-widget_type=\"text-editor.default\">\n\t\t\t\t<div class=\"elementor-widget-container\">\n\t\t\t\t\t\t\t\t<div class=\"elementor-text-editor elementor-clearfix\">\n\t\t\t\t<p>\u00a0Nach zwei Stunden Klettern erreichen wir den Gipfel des Mitterstein. Alle haben \u201edie Anna\u201c gut bew\u00e4ltigt und sind nach dieser Leistung bester Stimmung.<\/p><p><strong>Tag 3:<br \/><\/strong>Nach einem erneuten hervorragenden Fr\u00fchst\u00fcck und einem leicht wolkenverhangenen Ausblick in die Berge machten wir uns nochmals auf den Weg in die Silberkarklamm und meisterten locker den abwechslungsreichen, im Juli 2008 er\u00f6ffneten Siega Klettersteig in den Schwierigkeiten C\/D. Es erwarteten uns dort Abschnitte mit Platten, Rampen und einer<br \/>kleinen Scharte.<\/p><p><strong><span style=\"text-decoration: underline;\">Tag 4:<br \/><\/span><\/strong>Gest\u00e4rkt vom ausgiebigen Fr\u00fchst\u00fcck ging es auch schon um 08.30 Uhr zu unserer geplanten Tour in Richtung Stoderzinken los. Dort erwartete uns ein sch\u00f6ner Klettersteigpark unterhalb des Gipfels vom Stoderzinken mit sechs kurzen Klettersteigen in verschiedenen Schwierigkeiten (A-E). Somit ein idealer Tag zum \u00dcben und Ausprobieren.<br \/>Bei der Ankunft am Parkplatz unterhalb des Berggasthofes Steinerhaus liegt noch eine ca. 30-min\u00fctige Wanderung zum Klettersteigpark vor uns. Auf dem Weg dorthin \u00e4ndert sich allerdings f\u00fcr drei von uns spontan die Tagesplanung, da rein zuf\u00e4llig die ZDF-Serie \u201eDie Bergretter\u201c am Gipfel des Stoderzinkens gedreht wurde. Die drei Bergretter-Fans schlugen somit einen anderen Weg in Richtung Gipfel zum Dreh ein, w\u00e4hrend die restliche Gruppe in<br \/>Richtung Klettersteigpark aufgebrochen ist. Im Park wagte sich die \u201eKletter\u201c-Gruppe an die Klettersteige der Schwierigkeiten D und E und an das Abseilen.<br \/>Die\u201eBergretter\u201c-Gruppe hat flei\u00dfig Bilder und Videos vom Dreh gemacht. Nach ca. einer Stunde gesellte sich die \u201ePaparazzi\u201c zu den anderen und wagte sich\u00a0 ebenfalls noch an den ein oder anderen \u00dcbungsklettersteig.\u00a0<\/p>\t\t\t\t\t<\/div>\n\t\t\t\t\t\t<\/div>\n\t\t\t\t<\/div>\n\t\t\t\t\t\t<\/div>\n\t\t\t\t\t<\/div>\n\t\t<\/div>\n\t\t\t\t<div class=\"elementor-column elementor-col-33 elementor-top-column elementor-element elementor-element-d0dc228\" data-id=\"d0dc228\" data-element_type=\"column\">\n\t\t\t<div class=\"elementor-column-wrap elementor-element-populated\">\n\t\t\t\t\t\t\t<div class=\"elementor-widget-wrap\">\n\t\t\t\t\t\t<div class=\"elementor-element elementor-element-b78b911 elementor-widget elementor-widget-text-editor\" data-id=\"b78b911\" data-element_type=\"widget\" data-widget_type=\"text-editor.default\">\n\t\t\t\t<div class=\"elementor-widget-container\">\n\t\t\t\t\t\t\t\t<div class=\"elementor-text-editor elementor-clearfix\">\n\t\t\t\t<p>Gegen Mittag wurde der Himmel leider immer wolkenverhangener und Regen war in Aussicht. Aus diesem Grund entschieden wir uns noch f\u00fcr eine Einkehr im Berggasthof Steinerhaus mit Kaiserschmarrn, Pommes und Suppe in geselliger Runde.<\/p><p><span style=\"text-decoration: underline;\"><strong>Tag 5:<br \/><\/strong><\/span>Am vorletzten Tag fahren wir um 09.30 Uhr mit der Panorama Gondel auf den Dachstein.<br \/>Mit einem sensationellen Balkon auf dem Dach der Gondel, welcher Platz f\u00fcr 10 Personen bietet, ist das Dachstein-Massiv bei der Auffahrt zum Greifen nahe. Wir haben Gl\u00fcck, k\u00f6nnen die Freiluftpl\u00e4tze einnehmen und die Fahrt, zuerst durch eine dicke Wolkenschicht, genie\u00dfen. Bei mehrt\u00e4gigem Aufenthalt im Raum Schladming und Ben\u00fctzung der Dachstein Sommercard ist die Mautstra\u00dfe zur Talstation sowie die Gondelfahrt am Dachstein kostenfrei. Die Gondelfahrt muss zuvor online reserviert werden. Nach Erreichen der Bergstation genie\u00dfen wir einen herrlichen Blick auf die\u00a0 Gletscherwelt. Unser Plan ist die Begehung des Klettersteiges Irg-2 zum Gipfel Gro\u00dfer Koppenstein und Abstieg \u00fcber den Westgrat-Klettersteig. Wetterbedingt (nachmittags voraussichtlich Regen) planen wir die Tour um und begehen nur den Westgrad Klettersteig bis zum Kleinen Koppenstein (2795 m).<strong><br \/><\/strong>Zur\u00fcck geht\u2019s \u00fcber den Gletscher zur Bergstation. Wir entschlie\u00dfen uns den letzten Anstieg nicht durch das Schneefeld, sondern nochmal einen kurzen Klettersteig zu gehen, welcher direkt an der Bergstation endet. Dabei geraten wir kurz in einen heftigen Regen-Graupel- Schauer. Auch dies ist f\u00fcr die meisten Teilnehmer eine interessante neue Erfahrung, einen<br \/>Klettersteig im Regen und nassem Fels zu gehen.Jetzt stehen wir auf der einzigartigen Plattform aus Glas, dem Dachstein Sky Walk,<br \/>bewundern ein unvergleichliches Bergpanorama und bereiten uns langsam auf die Abfahrt vor.<strong><br \/><\/strong><\/p>\t\t\t\t\t<\/div>\n\t\t\t\t\t\t<\/div>\n\t\t\t\t<\/div>\n\t\t\t\t\t\t<\/div>\n\t\t\t\t\t<\/div>\n\t\t<\/div>\n\t\t\t\t\t\t\t\t<\/div>\n\t\t\t\t\t<\/div>\n\t\t<\/section>\n\t\t\t\t<section class=\"elementor-section elementor-top-section elementor-element elementor-element-ac71e50 elementor-section-boxed elementor-section-height-default elementor-section-height-default\" data-id=\"ac71e50\" data-element_type=\"section\">\n\t\t\t\t\t\t<div class=\"elementor-container elementor-column-gap-default\">\n\t\t\t\t\t\t\t<div class=\"elementor-row\">\n\t\t\t\t\t<div class=\"elementor-column elementor-col-33 elementor-top-column elementor-element elementor-element-81e811b\" data-id=\"81e811b\" data-element_type=\"column\">\n\t\t\t<div class=\"elementor-column-wrap elementor-element-populated\">\n\t\t\t\t\t\t\t<div class=\"elementor-widget-wrap\">\n\t\t\t\t\t\t<div class=\"elementor-element elementor-element-0a1ac40 elementor-widget elementor-widget-image\" data-id=\"0a1ac40\" data-element_type=\"widget\" data-widget_type=\"image.default\">\n\t\t\t\t<div class=\"elementor-widget-container\">\n\t\t\t\t\t\t\t\t<div class=\"elementor-image\">\n\t\t\t\t\t\t\t\t\t\t\t\t<img loading=\"lazy\" decoding=\"async\" width=\"150\" height=\"150\" src=\"https:\/\/schugg-oberstdorf.de\/wp-content\/uploads\/2020\/10\/Bergwandern-orange-150x150.jpeg\" class=\"attachment-thumbnail size-thumbnail\" alt=\"\" srcset=\"https:\/\/schugg-oberstdorf.de\/wp-content\/uploads\/2020\/10\/Bergwandern-orange-150x150.jpeg 150w, https:\/\/schugg-oberstdorf.de\/wp-content\/uploads\/2020\/10\/Bergwandern-orange.jpeg 225w\" sizes=\"(max-width: 150px) 100vw, 150px\" \/>\t\t\t\t\t\t\t\t\t\t\t\t\t\t<\/div>\n\t\t\t\t\t\t<\/div>\n\t\t\t\t<\/div>\n\t\t\t\t\t\t<\/div>\n\t\t\t\t\t<\/div>\n\t\t<\/div>\n\t\t\t\t<div class=\"elementor-column elementor-col-33 elementor-top-column elementor-element elementor-element-53ba408\" data-id=\"53ba408\" data-element_type=\"column\">\n\t\t\t<div class=\"elementor-column-wrap elementor-element-populated\">\n\t\t\t\t\t\t\t<div class=\"elementor-widget-wrap\">\n\t\t\t\t\t\t<div class=\"elementor-element elementor-element-e46f898 elementor-widget elementor-widget-image\" data-id=\"e46f898\" data-element_type=\"widget\" data-widget_type=\"image.default\">\n\t\t\t\t<div class=\"elementor-widget-container\">\n\t\t\t\t\t\t\t\t<div class=\"elementor-image\">\n\t\t\t\t\t\t\t\t\t\t\t\t<img loading=\"lazy\" decoding=\"async\" width=\"150\" height=\"150\" src=\"https:\/\/schugg-oberstdorf.de\/wp-content\/uploads\/2020\/10\/Klettersteig-orange-150x150.jpeg\" class=\"attachment-thumbnail size-thumbnail\" alt=\"\" srcset=\"https:\/\/schugg-oberstdorf.de\/wp-content\/uploads\/2020\/10\/Klettersteig-orange-150x150.jpeg 150w, https:\/\/schugg-oberstdorf.de\/wp-content\/uploads\/2020\/10\/Klettersteig-orange.jpeg 225w\" sizes=\"(max-width: 150px) 100vw, 150px\" \/>\t\t\t\t\t\t\t\t\t\t\t\t\t\t<\/div>\n\t\t\t\t\t\t<\/div>\n\t\t\t\t<\/div>\n\t\t\t\t\t\t<\/div>\n\t\t\t\t\t<\/div>\n\t\t<\/div>\n\t\t\t\t<div class=\"elementor-column elementor-col-33 elementor-top-column elementor-element elementor-element-b257874\" data-id=\"b257874\" data-element_type=\"column\">\n\t\t\t<div class=\"elementor-column-wrap\">\n\t\t\t\t\t\t\t<div class=\"elementor-widget-wrap\">\n\t\t\t\t\t\t\t\t<\/div>\n\t\t\t\t\t<\/div>\n\t\t<\/div>\n\t\t\t\t\t\t\t\t<\/div>\n\t\t\t\t\t<\/div>\n\t\t<\/section>\n\t\t\t\t\t\t\t\t\t<\/div>\n\t\t\t<\/div>\n\t\t\t\t\t<\/div>\n\t\t","protected":false},"excerpt":{"rendered":"<p>Dachstein Ramsau Zur\u00fcck Weiter Tag 1:Nach der langen Anfahrt waren alle h\u00f6chst zufrieden, als wir zur \u201eEingehtour Hias KS\u201c aufbrachen\u2013 damit sich Guide Wolfgang ein Bild machen konnte von den Ausdauer-\/Kraft- undKletterf\u00e4higkeiten der Neuzug\u00e4nge Nach kurzem 10-min\u00fctigen Aufstieg erreichten wir den Einstieg vom Hias KS, der gleich mit einem \u201eZuckerl\u201c, einer kurzen Seilbr\u00fccke begann. Weiter [&hellip;]<\/p>\n","protected":false},"author":2,"featured_media":0,"parent":42,"menu_order":0,"comment_status":"closed","ping_status":"closed","template":"","meta":{"footnotes":""},"_links":{"self":[{"href":"https:\/\/schugg-oberstdorf.de\/index.php?rest_route=\/wp\/v2\/pages\/356"}],"collection":[{"href":"https:\/\/schugg-oberstdorf.de\/index.php?rest_route=\/wp\/v2\/pages"}],"about":[{"href":"https:\/\/schugg-oberstdorf.de\/index.php?rest_route=\/wp\/v2\/types\/page"}],"author":[{"embeddable":true,"href":"https:\/\/schugg-oberstdorf.de\/index.php?rest_route=\/wp\/v2\/users\/2"}],"replies":[{"embeddable":true,"href":"https:\/\/schugg-oberstdorf.de\/index.php?rest_route=%2Fwp%2Fv2%2Fcomments&post=356"}],"version-history":[{"count":6,"href":"https:\/\/schugg-oberstdorf.de\/index.php?rest_route=\/wp\/v2\/pages\/356\/revisions"}],"predecessor-version":[{"id":379,"href":"https:\/\/schugg-oberstdorf.de\/index.php?rest_route=\/wp\/v2\/pages\/356\/revisions\/379"}],"up":[{"embeddable":true,"href":"https:\/\/schugg-oberstdorf.de\/index.php?rest_route=\/wp\/v2\/pages\/42"}],"wp:attachment":[{"href":"https:\/\/schugg-oberstdorf.de\/index.php?rest_route=%2Fwp%2Fv2%2Fmedia&parent=356"}],"curies":[{"name":"wp","href":"https:\/\/api.w.org\/{rel}","templated":true}]}}