{"id":508,"date":"2020-10-26T11:35:04","date_gmt":"2020-10-26T11:35:04","guid":{"rendered":"https:\/\/schugg-oberstdorf.de\/?page_id=508"},"modified":"2020-10-26T19:21:22","modified_gmt":"2020-10-26T19:21:22","slug":"tandemfliegen","status":"publish","type":"page","link":"https:\/\/schugg-oberstdorf.de\/?page_id=508","title":{"rendered":"Tandemfliegen"},"content":{"rendered":"\t\t<div data-elementor-type=\"wp-page\" data-elementor-id=\"508\" class=\"elementor elementor-508\">\n\t\t\t\t\t\t<div class=\"elementor-inner\">\n\t\t\t\t<div class=\"elementor-section-wrap\">\n\t\t\t\t\t\t\t\t\t<section class=\"elementor-section elementor-top-section elementor-element elementor-element-6b0b158 elementor-section-boxed elementor-section-height-default elementor-section-height-default\" data-id=\"6b0b158\" data-element_type=\"section\">\n\t\t\t\t\t\t<div class=\"elementor-container elementor-column-gap-default\">\n\t\t\t\t\t\t\t<div class=\"elementor-row\">\n\t\t\t\t\t<div class=\"elementor-column elementor-col-100 elementor-top-column elementor-element elementor-element-7f87886\" data-id=\"7f87886\" data-element_type=\"column\">\n\t\t\t<div class=\"elementor-column-wrap elementor-element-populated\">\n\t\t\t\t\t\t\t<div class=\"elementor-widget-wrap\">\n\t\t\t\t\t\t<div class=\"elementor-element elementor-element-4fba4d7 elementor-widget elementor-widget-heading\" data-id=\"4fba4d7\" data-element_type=\"widget\" data-widget_type=\"heading.default\">\n\t\t\t\t<div class=\"elementor-widget-container\">\n\t\t\t<h2 class=\"elementor-heading-title elementor-size-default\">Mit mir k\u00f6nnen Sie beruhigt in die Luft gehen...<\/h2>\t\t<\/div>\n\t\t\t\t<\/div>\n\t\t\t\t\t\t<\/div>\n\t\t\t\t\t<\/div>\n\t\t<\/div>\n\t\t\t\t\t\t\t\t<\/div>\n\t\t\t\t\t<\/div>\n\t\t<\/section>\n\t\t\t\t<section class=\"elementor-section elementor-top-section elementor-element elementor-element-c81c2c9 elementor-section-boxed elementor-section-height-default elementor-section-height-default\" data-id=\"c81c2c9\" data-element_type=\"section\">\n\t\t\t\t\t\t<div class=\"elementor-container elementor-column-gap-default\">\n\t\t\t\t\t\t\t<div class=\"elementor-row\">\n\t\t\t\t\t<div class=\"elementor-column elementor-col-100 elementor-top-column elementor-element elementor-element-b3616b9\" data-id=\"b3616b9\" data-element_type=\"column\">\n\t\t\t<div class=\"elementor-column-wrap elementor-element-populated\">\n\t\t\t\t\t\t\t<div class=\"elementor-widget-wrap\">\n\t\t\t\t\t\t<div class=\"elementor-element elementor-element-3cc6595 elementor-arrows-position-inside elementor-pagination-position-outside elementor-widget elementor-widget-image-carousel\" data-id=\"3cc6595\" data-element_type=\"widget\" data-settings=\"{&quot;navigation&quot;:&quot;both&quot;,&quot;autoplay&quot;:&quot;yes&quot;,&quot;pause_on_hover&quot;:&quot;yes&quot;,&quot;pause_on_interaction&quot;:&quot;yes&quot;,&quot;autoplay_speed&quot;:5000,&quot;infinite&quot;:&quot;yes&quot;,&quot;speed&quot;:500}\" data-widget_type=\"image-carousel.default\">\n\t\t\t\t<div class=\"elementor-widget-container\">\n\t\t\t\t\t<div class=\"elementor-image-carousel-wrapper swiper-container\" dir=\"ltr\">\n\t\t\t<div class=\"elementor-image-carousel swiper-wrapper\">\n\t\t\t\t\t\t\t\t<div class=\"swiper-slide\"><figure class=\"swiper-slide-inner\"><img decoding=\"async\" class=\"swiper-slide-image\" src=\"https:\/\/schugg-oberstdorf.de\/wp-content\/uploads\/2020\/10\/ACT_5555-768x512.jpg\" alt=\"DCIM100MEDIA\" \/><\/figure><\/div><div class=\"swiper-slide\"><figure class=\"swiper-slide-inner\"><img decoding=\"async\" class=\"swiper-slide-image\" src=\"https:\/\/schugg-oberstdorf.de\/wp-content\/uploads\/2020\/10\/ACT_5521-768x512.jpg\" alt=\"DCIM100MEDIA\" \/><\/figure><\/div><div class=\"swiper-slide\"><figure class=\"swiper-slide-inner\"><img decoding=\"async\" class=\"swiper-slide-image\" src=\"https:\/\/schugg-oberstdorf.de\/wp-content\/uploads\/2020\/10\/ACT_5480-768x512.jpg\" alt=\"DCIM100MEDIA\" \/><\/figure><\/div><div class=\"swiper-slide\"><figure class=\"swiper-slide-inner\"><img decoding=\"async\" class=\"swiper-slide-image\" src=\"https:\/\/schugg-oberstdorf.de\/wp-content\/uploads\/2020\/10\/ACT_5478-768x512.jpg\" alt=\"DCIM100MEDIA\" \/><\/figure><\/div>\t\t\t<\/div>\n\t\t\t\t\t\t\t\t\t\t\t\t<div class=\"swiper-pagination\"><\/div>\n\t\t\t\t\t\t\t\t\t\t\t\t\t<div class=\"elementor-swiper-button elementor-swiper-button-prev\">\n\t\t\t\t\t\t<i aria-hidden=\"true\" class=\"eicon-chevron-left\"><\/i>\t\t\t\t\t\t<span class=\"elementor-screen-only\">Zur\u00fcck<\/span>\n\t\t\t\t\t<\/div>\n\t\t\t\t\t<div class=\"elementor-swiper-button elementor-swiper-button-next\">\n\t\t\t\t\t\t<i aria-hidden=\"true\" class=\"eicon-chevron-right\"><\/i>\t\t\t\t\t\t<span class=\"elementor-screen-only\">Weiter<\/span>\n\t\t\t\t\t<\/div>\n\t\t\t\t\t\t\t\t\t<\/div>\n\t\t\t\t<\/div>\n\t\t\t\t<\/div>\n\t\t\t\t\t\t<\/div>\n\t\t\t\t\t<\/div>\n\t\t<\/div>\n\t\t\t\t\t\t\t\t<\/div>\n\t\t\t\t\t<\/div>\n\t\t<\/section>\n\t\t\t\t<section class=\"elementor-section elementor-top-section elementor-element elementor-element-b853bac elementor-section-boxed elementor-section-height-default elementor-section-height-default\" data-id=\"b853bac\" data-element_type=\"section\">\n\t\t\t\t\t\t<div class=\"elementor-container elementor-column-gap-default\">\n\t\t\t\t\t\t\t<div class=\"elementor-row\">\n\t\t\t\t\t<div class=\"elementor-column elementor-col-100 elementor-top-column elementor-element elementor-element-49de559\" data-id=\"49de559\" data-element_type=\"column\">\n\t\t\t<div class=\"elementor-column-wrap elementor-element-populated\">\n\t\t\t\t\t\t\t<div class=\"elementor-widget-wrap\">\n\t\t\t\t\t\t<div class=\"elementor-element elementor-element-881366e elementor-widget elementor-widget-text-editor\" data-id=\"881366e\" data-element_type=\"widget\" data-widget_type=\"text-editor.default\">\n\t\t\t\t<div class=\"elementor-widget-container\">\n\t\t\t\t\t\t\t\t<div class=\"elementor-text-editor elementor-clearfix\">\n\t\t\t\t<h2 class=\"iis\">Tandemfl\u00fcge am Nebelhorn<\/h2><p class=\"\">Tandemfliegen Oberstdorf mit unserem Basic bedeutet, dass du die M\u00f6glichkeit hast, dein Erlebnis beliebig zu erweitern und zu gestalten: Ob der Foto- oder Videoservice, die Auffahrt mit der Bergbahn oder die Flugzeitverl\u00e4ngerung.<\/p><p class=\"\">Je nach Bedingungen kannst du dich sogar noch in der Luft entscheiden und deinen Flug verl\u00e4ngern.<\/p><p class=\"\">Durch die flexiblen Gestaltungsm\u00f6glichkeiten ist dies die ideale Variante zum Verschenken, da der Beschenkte selbst vor Ort noch die Extras hinzu buchen kann.<\/p><h3>Ablauf zum Gleitschirm Tandemflug<\/h3><p class=\"\">Nach einer ausf\u00fchrlichen Einweisung starten wir den Basic an der Bergstation \u201eH\u00f6fatsblick\u201c der Nebelhornbahn auf 1.932 m. Anschlie\u00dfend fliegen wir \u00fcber das Hochtal in Richtung Oberstdorf.\u00a0 Zum Abschluss ziehen wir weite Runden \u00fcber Oberstdorf hinab zur Landewiese.<\/p><p>An Ausr\u00fcstung ben\u00f6tigst du nur kn\u00f6chelhohe feste Schuhe und der Jahreszeit angepasste Kleidung. Der Helm und ein winddichter, warmer Overall werden zur Verf\u00fcgung gestellt.<\/p><ul><li>Extras individuell buchbar (z.B. Fotoservice, Bahnkarte)<\/li><li>Start an der Bergstation \u201eH\u00f6fatsblick\u201c<\/li><li>15 \u2013 20 Minuten Flugzeit<\/li><\/ul>\t\t\t\t\t<\/div>\n\t\t\t\t\t\t<\/div>\n\t\t\t\t<\/div>\n\t\t\t\t\t\t<\/div>\n\t\t\t\t\t<\/div>\n\t\t<\/div>\n\t\t\t\t\t\t\t\t<\/div>\n\t\t\t\t\t<\/div>\n\t\t<\/section>\n\t\t\t\t<section class=\"elementor-section elementor-top-section elementor-element elementor-element-9d12a83 elementor-section-boxed elementor-section-height-default elementor-section-height-default\" data-id=\"9d12a83\" data-element_type=\"section\">\n\t\t\t\t\t\t<div class=\"elementor-container elementor-column-gap-default\">\n\t\t\t\t\t\t\t<div class=\"elementor-row\">\n\t\t\t\t\t<div class=\"elementor-column elementor-col-33 elementor-top-column elementor-element elementor-element-4c600de\" data-id=\"4c600de\" data-element_type=\"column\">\n\t\t\t<div class=\"elementor-column-wrap elementor-element-populated\">\n\t\t\t\t\t\t\t<div class=\"elementor-widget-wrap\">\n\t\t\t\t\t\t<div class=\"elementor-element elementor-element-63c7a1f elementor-widget elementor-widget-image\" data-id=\"63c7a1f\" data-element_type=\"widget\" data-widget_type=\"image.default\">\n\t\t\t\t<div class=\"elementor-widget-container\">\n\t\t\t\t\t\t\t\t<div class=\"elementor-image\">\n\t\t\t\t\t\t\t\t\t\t\t\t<img loading=\"lazy\" decoding=\"async\" width=\"225\" height=\"225\" src=\"https:\/\/schugg-oberstdorf.de\/wp-content\/uploads\/2020\/10\/Gleitschim.png\" class=\"attachment-medium size-medium\" alt=\"\" srcset=\"https:\/\/schugg-oberstdorf.de\/wp-content\/uploads\/2020\/10\/Gleitschim.png 225w, https:\/\/schugg-oberstdorf.de\/wp-content\/uploads\/2020\/10\/Gleitschim-150x150.png 150w\" sizes=\"(max-width: 225px) 100vw, 225px\" \/>\t\t\t\t\t\t\t\t\t\t\t\t\t\t<\/div>\n\t\t\t\t\t\t<\/div>\n\t\t\t\t<\/div>\n\t\t\t\t\t\t<\/div>\n\t\t\t\t\t<\/div>\n\t\t<\/div>\n\t\t\t\t<div class=\"elementor-column elementor-col-33 elementor-top-column elementor-element elementor-element-90d9d4f\" data-id=\"90d9d4f\" data-element_type=\"column\">\n\t\t\t<div class=\"elementor-column-wrap elementor-element-populated\">\n\t\t\t\t\t\t\t<div class=\"elementor-widget-wrap\">\n\t\t\t\t\t\t<div class=\"elementor-element elementor-element-6b1437a elementor-widget elementor-widget-text-editor\" data-id=\"6b1437a\" data-element_type=\"widget\" data-widget_type=\"text-editor.default\">\n\t\t\t\t<div class=\"elementor-widget-container\">\n\t\t\t\t\t\t\t\t<div class=\"elementor-text-editor elementor-clearfix\">\n\t\t\t\t<div><strong>WOLFGANG SCHUGG<\/strong><\/div>\t\t\t\t\t<\/div>\n\t\t\t\t\t\t<\/div>\n\t\t\t\t<\/div>\n\t\t\t\t<div class=\"elementor-element elementor-element-7765f58 elementor-widget elementor-widget-text-editor\" data-id=\"7765f58\" data-element_type=\"widget\" data-widget_type=\"text-editor.default\">\n\t\t\t\t<div class=\"elementor-widget-container\">\n\t\t\t\t\t\t\t\t<div class=\"elementor-text-editor elementor-clearfix\">\n\t\t\t\t<div>Nebelhornstra\u00dfe 10<\/div><div>87561 Oberstdorf<\/div><div>+49 1753257365<\/div><div><a href=\"mailto:wolfgang@schugg-oberstdorf.de\"><strong>wolfgang@schugg-oberstdorf.de<\/strong><\/a><\/div>\t\t\t\t\t<\/div>\n\t\t\t\t\t\t<\/div>\n\t\t\t\t<\/div>\n\t\t\t\t\t\t<\/div>\n\t\t\t\t\t<\/div>\n\t\t<\/div>\n\t\t\t\t<div class=\"elementor-column elementor-col-33 elementor-top-column elementor-element elementor-element-7059590\" data-id=\"7059590\" data-element_type=\"column\">\n\t\t\t<div class=\"elementor-column-wrap elementor-element-populated\">\n\t\t\t\t\t\t\t<div class=\"elementor-widget-wrap\">\n\t\t\t\t\t\t<div class=\"elementor-element elementor-element-76b7ba9 elementor-widget elementor-widget-image\" data-id=\"76b7ba9\" data-element_type=\"widget\" data-widget_type=\"image.default\">\n\t\t\t\t<div class=\"elementor-widget-container\">\n\t\t\t\t\t\t\t\t<div class=\"elementor-image\">\n\t\t\t\t\t\t\t\t\t\t\t\t<img loading=\"lazy\" decoding=\"async\" width=\"169\" height=\"300\" src=\"https:\/\/schugg-oberstdorf.de\/wp-content\/uploads\/2020\/10\/IMG_20160403_113429-169x300.jpg\" class=\"attachment-medium size-medium\" alt=\"\" srcset=\"https:\/\/schugg-oberstdorf.de\/wp-content\/uploads\/2020\/10\/IMG_20160403_113429-169x300.jpg 169w, https:\/\/schugg-oberstdorf.de\/wp-content\/uploads\/2020\/10\/IMG_20160403_113429-576x1024.jpg 576w, https:\/\/schugg-oberstdorf.de\/wp-content\/uploads\/2020\/10\/IMG_20160403_113429.jpg 720w\" sizes=\"(max-width: 169px) 100vw, 169px\" \/>\t\t\t\t\t\t\t\t\t\t\t\t\t\t<\/div>\n\t\t\t\t\t\t<\/div>\n\t\t\t\t<\/div>\n\t\t\t\t\t\t<\/div>\n\t\t\t\t\t<\/div>\n\t\t<\/div>\n\t\t\t\t\t\t\t\t<\/div>\n\t\t\t\t\t<\/div>\n\t\t<\/section>\n\t\t\t\t<section class=\"elementor-section elementor-top-section elementor-element elementor-element-f88cddf elementor-section-boxed elementor-section-height-default elementor-section-height-default\" data-id=\"f88cddf\" data-element_type=\"section\">\n\t\t\t\t\t\t<div class=\"elementor-container elementor-column-gap-default\">\n\t\t\t\t\t\t\t<div class=\"elementor-row\">\n\t\t\t\t\t<div class=\"elementor-column elementor-col-100 elementor-top-column elementor-element elementor-element-61d07bd\" data-id=\"61d07bd\" data-element_type=\"column\">\n\t\t\t<div class=\"elementor-column-wrap elementor-element-populated\">\n\t\t\t\t\t\t\t<div class=\"elementor-widget-wrap\">\n\t\t\t\t\t\t<div class=\"elementor-element elementor-element-7282145 elementor-widget elementor-widget-google_maps\" data-id=\"7282145\" data-element_type=\"widget\" data-widget_type=\"google_maps.default\">\n\t\t\t\t<div class=\"elementor-widget-container\">\n\t\t\t\t\t<div class=\"elementor-custom-embed\">\n\t\t\t<iframe frameborder=\"0\" scrolling=\"no\" marginheight=\"0\" marginwidth=\"0\"\n\t\t\t\t\tsrc=\"https:\/\/maps.google.com\/maps?q=Oberstdorf%2C%20Nebelhornstrasse%2010&#038;t=m&#038;z=10&#038;output=embed&#038;iwloc=near\"\n\t\t\t\t\ttitle=\"Oberstdorf, Nebelhornstrasse 10\"\n\t\t\t\t\taria-label=\"Oberstdorf, Nebelhornstrasse 10\"\n\t\t\t><\/iframe>\n\t\t<\/div>\n\t\t\t\t<\/div>\n\t\t\t\t<\/div>\n\t\t\t\t\t\t<\/div>\n\t\t\t\t\t<\/div>\n\t\t<\/div>\n\t\t\t\t\t\t\t\t<\/div>\n\t\t\t\t\t<\/div>\n\t\t<\/section>\n\t\t\t\t\t\t\t\t\t<\/div>\n\t\t\t<\/div>\n\t\t\t\t\t<\/div>\n\t\t","protected":false},"excerpt":{"rendered":"<p>Mit mir k\u00f6nnen Sie beruhigt in die Luft gehen&#8230; Zur\u00fcck Weiter Tandemfl\u00fcge am Nebelhorn Tandemfliegen Oberstdorf mit unserem Basic bedeutet, dass du die M\u00f6glichkeit hast, dein Erlebnis beliebig zu erweitern und zu gestalten: Ob der Foto- oder Videoservice, die Auffahrt mit der Bergbahn oder die Flugzeitverl\u00e4ngerung. Je nach Bedingungen kannst du dich sogar noch in [&hellip;]<\/p>\n","protected":false},"author":2,"featured_media":0,"parent":0,"menu_order":0,"comment_status":"closed","ping_status":"closed","template":"","meta":{"footnotes":""},"_links":{"self":[{"href":"https:\/\/schugg-oberstdorf.de\/index.php?rest_route=\/wp\/v2\/pages\/508"}],"collection":[{"href":"https:\/\/schugg-oberstdorf.de\/index.php?rest_route=\/wp\/v2\/pages"}],"about":[{"href":"https:\/\/schugg-oberstdorf.de\/index.php?rest_route=\/wp\/v2\/types\/page"}],"author":[{"embeddable":true,"href":"https:\/\/schugg-oberstdorf.de\/index.php?rest_route=\/wp\/v2\/users\/2"}],"replies":[{"embeddable":true,"href":"https:\/\/schugg-oberstdorf.de\/index.php?rest_route=%2Fwp%2Fv2%2Fcomments&post=508"}],"version-history":[{"count":18,"href":"https:\/\/schugg-oberstdorf.de\/index.php?rest_route=\/wp\/v2\/pages\/508\/revisions"}],"predecessor-version":[{"id":585,"href":"https:\/\/schugg-oberstdorf.de\/index.php?rest_route=\/wp\/v2\/pages\/508\/revisions\/585"}],"wp:attachment":[{"href":"https:\/\/schugg-oberstdorf.de\/index.php?rest_route=%2Fwp%2Fv2%2Fmedia&parent=508"}],"curies":[{"name":"wp","href":"https:\/\/api.w.org\/{rel}","templated":true}]}}