{"id":599,"date":"2020-10-27T11:30:31","date_gmt":"2020-10-27T11:30:31","guid":{"rendered":"https:\/\/schugg-oberstdorf.de\/?page_id=599"},"modified":"2020-10-29T09:12:11","modified_gmt":"2020-10-29T09:12:11","slug":"oetztal","status":"publish","type":"page","link":"https:\/\/schugg-oberstdorf.de\/?page_id=599","title":{"rendered":"\u00d6tztal"},"content":{"rendered":"\t\t<div data-elementor-type=\"wp-page\" data-elementor-id=\"599\" class=\"elementor elementor-599\">\n\t\t\t\t\t\t<div class=\"elementor-inner\">\n\t\t\t\t<div class=\"elementor-section-wrap\">\n\t\t\t\t\t\t\t\t\t<section class=\"elementor-section elementor-top-section elementor-element elementor-element-6b0b158 elementor-section-boxed elementor-section-height-default elementor-section-height-default\" data-id=\"6b0b158\" data-element_type=\"section\">\n\t\t\t\t\t\t<div class=\"elementor-container elementor-column-gap-default\">\n\t\t\t\t\t\t\t<div class=\"elementor-row\">\n\t\t\t\t\t<div class=\"elementor-column elementor-col-100 elementor-top-column elementor-element elementor-element-7f87886\" data-id=\"7f87886\" data-element_type=\"column\">\n\t\t\t<div class=\"elementor-column-wrap elementor-element-populated\">\n\t\t\t\t\t\t\t<div class=\"elementor-widget-wrap\">\n\t\t\t\t\t\t<div class=\"elementor-element elementor-element-4fba4d7 elementor-widget elementor-widget-heading\" data-id=\"4fba4d7\" data-element_type=\"widget\" data-widget_type=\"heading.default\">\n\t\t\t\t<div class=\"elementor-widget-container\">\n\t\t\t<h2 class=\"elementor-heading-title elementor-size-default\">\u00d6tztal<\/h2>\t\t<\/div>\n\t\t\t\t<\/div>\n\t\t\t\t\t\t<\/div>\n\t\t\t\t\t<\/div>\n\t\t<\/div>\n\t\t\t\t\t\t\t\t<\/div>\n\t\t\t\t\t<\/div>\n\t\t<\/section>\n\t\t\t\t<section class=\"elementor-section elementor-top-section elementor-element elementor-element-c81c2c9 elementor-section-boxed elementor-section-height-default elementor-section-height-default\" data-id=\"c81c2c9\" data-element_type=\"section\">\n\t\t\t\t\t\t<div class=\"elementor-container elementor-column-gap-default\">\n\t\t\t\t\t\t\t<div class=\"elementor-row\">\n\t\t\t\t\t<div class=\"elementor-column elementor-col-100 elementor-top-column elementor-element elementor-element-b3616b9\" data-id=\"b3616b9\" data-element_type=\"column\">\n\t\t\t<div class=\"elementor-column-wrap elementor-element-populated\">\n\t\t\t\t\t\t\t<div class=\"elementor-widget-wrap\">\n\t\t\t\t\t\t<div class=\"elementor-element elementor-element-3cc6595 elementor-arrows-position-inside elementor-pagination-position-outside elementor-widget elementor-widget-image-carousel\" data-id=\"3cc6595\" data-element_type=\"widget\" data-settings=\"{&quot;navigation&quot;:&quot;both&quot;,&quot;autoplay&quot;:&quot;yes&quot;,&quot;pause_on_hover&quot;:&quot;yes&quot;,&quot;pause_on_interaction&quot;:&quot;yes&quot;,&quot;autoplay_speed&quot;:5000,&quot;infinite&quot;:&quot;yes&quot;,&quot;speed&quot;:500}\" data-widget_type=\"image-carousel.default\">\n\t\t\t\t<div class=\"elementor-widget-container\">\n\t\t\t\t\t<div class=\"elementor-image-carousel-wrapper swiper-container\" dir=\"ltr\">\n\t\t\t<div class=\"elementor-image-carousel swiper-wrapper\">\n\t\t\t\t\t\t\t\t<div class=\"swiper-slide\"><figure class=\"swiper-slide-inner\"><img decoding=\"async\" class=\"swiper-slide-image\" src=\"https:\/\/schugg-oberstdorf.de\/wp-content\/uploads\/2020\/10\/20190624_104224-768x1024.jpg\" alt=\"20190624_104224\" \/><\/figure><\/div><div class=\"swiper-slide\"><figure class=\"swiper-slide-inner\"><img decoding=\"async\" class=\"swiper-slide-image\" src=\"https:\/\/schugg-oberstdorf.de\/wp-content\/uploads\/2020\/10\/20190623_114427-768x1024.jpg\" alt=\"20190623_114427\" \/><\/figure><\/div><div class=\"swiper-slide\"><figure class=\"swiper-slide-inner\"><img decoding=\"async\" class=\"swiper-slide-image\" src=\"https:\/\/schugg-oberstdorf.de\/wp-content\/uploads\/2020\/10\/IMG-20190624-WA0033-1-768x576.jpg\" alt=\"IMG-20190624-WA0033\" \/><\/figure><\/div><div class=\"swiper-slide\"><figure class=\"swiper-slide-inner\"><img decoding=\"async\" class=\"swiper-slide-image\" src=\"https:\/\/schugg-oberstdorf.de\/wp-content\/uploads\/2020\/10\/IMG-20190624-WA0022-768x1024.jpg\" alt=\"IMG-20190624-WA0022\" \/><\/figure><\/div><div class=\"swiper-slide\"><figure class=\"swiper-slide-inner\"><img decoding=\"async\" class=\"swiper-slide-image\" src=\"https:\/\/schugg-oberstdorf.de\/wp-content\/uploads\/2020\/10\/IMG-20190624-WA0012-768x1024.jpg\" alt=\"IMG-20190624-WA0012\" \/><\/figure><\/div><div class=\"swiper-slide\"><figure class=\"swiper-slide-inner\"><img decoding=\"async\" class=\"swiper-slide-image\" src=\"https:\/\/schugg-oberstdorf.de\/wp-content\/uploads\/2020\/10\/IMG-20190624-WA0011-768x1024.jpg\" alt=\"IMG-20190624-WA0011\" \/><\/figure><\/div><div class=\"swiper-slide\"><figure class=\"swiper-slide-inner\"><img decoding=\"async\" class=\"swiper-slide-image\" src=\"https:\/\/schugg-oberstdorf.de\/wp-content\/uploads\/2020\/10\/IMG-20190625-WA0000.jpg\" alt=\"IMG-20190625-WA0000\" \/><\/figure><\/div><div class=\"swiper-slide\"><figure class=\"swiper-slide-inner\"><img decoding=\"async\" class=\"swiper-slide-image\" src=\"https:\/\/schugg-oberstdorf.de\/wp-content\/uploads\/2020\/10\/IMG-20190622-WA0019-768x1552.jpg\" alt=\"IMG-20190622-WA0019\" \/><\/figure><\/div><div class=\"swiper-slide\"><figure class=\"swiper-slide-inner\"><img decoding=\"async\" class=\"swiper-slide-image\" src=\"https:\/\/schugg-oberstdorf.de\/wp-content\/uploads\/2020\/10\/IMG-20190622-WA0016-768x1552.jpg\" alt=\"IMG-20190622-WA0016\" \/><\/figure><\/div><div class=\"swiper-slide\"><figure class=\"swiper-slide-inner\"><img decoding=\"async\" class=\"swiper-slide-image\" src=\"https:\/\/schugg-oberstdorf.de\/wp-content\/uploads\/2020\/10\/20190625_112618-768x576.jpg\" alt=\"20190625_112618\" \/><\/figure><\/div><div class=\"swiper-slide\"><figure class=\"swiper-slide-inner\"><img decoding=\"async\" class=\"swiper-slide-image\" src=\"https:\/\/schugg-oberstdorf.de\/wp-content\/uploads\/2020\/10\/20190625_104853-768x1024.jpg\" alt=\"20190625_104853\" \/><\/figure><\/div>\t\t\t<\/div>\n\t\t\t\t\t\t\t\t\t\t\t\t<div class=\"swiper-pagination\"><\/div>\n\t\t\t\t\t\t\t\t\t\t\t\t\t<div class=\"elementor-swiper-button elementor-swiper-button-prev\">\n\t\t\t\t\t\t<i aria-hidden=\"true\" class=\"eicon-chevron-left\"><\/i>\t\t\t\t\t\t<span class=\"elementor-screen-only\">Zur\u00fcck<\/span>\n\t\t\t\t\t<\/div>\n\t\t\t\t\t<div class=\"elementor-swiper-button elementor-swiper-button-next\">\n\t\t\t\t\t\t<i aria-hidden=\"true\" class=\"eicon-chevron-right\"><\/i>\t\t\t\t\t\t<span class=\"elementor-screen-only\">Weiter<\/span>\n\t\t\t\t\t<\/div>\n\t\t\t\t\t\t\t\t\t<\/div>\n\t\t\t\t<\/div>\n\t\t\t\t<\/div>\n\t\t\t\t\t\t<\/div>\n\t\t\t\t\t<\/div>\n\t\t<\/div>\n\t\t\t\t\t\t\t\t<\/div>\n\t\t\t\t\t<\/div>\n\t\t<\/section>\n\t\t\t\t<section class=\"elementor-section elementor-top-section elementor-element elementor-element-f13844d elementor-section-boxed elementor-section-height-default elementor-section-height-default\" data-id=\"f13844d\" data-element_type=\"section\">\n\t\t\t\t\t\t<div class=\"elementor-container elementor-column-gap-default\">\n\t\t\t\t\t\t\t<div class=\"elementor-row\">\n\t\t\t\t\t<div class=\"elementor-column elementor-col-33 elementor-top-column elementor-element elementor-element-0569779\" data-id=\"0569779\" data-element_type=\"column\">\n\t\t\t<div class=\"elementor-column-wrap elementor-element-populated\">\n\t\t\t\t\t\t\t<div class=\"elementor-widget-wrap\">\n\t\t\t\t\t\t<div class=\"elementor-element elementor-element-1875849 elementor-widget elementor-widget-text-editor\" data-id=\"1875849\" data-element_type=\"widget\" data-widget_type=\"text-editor.default\">\n\t\t\t\t<div class=\"elementor-widget-container\">\n\t\t\t\t\t\t\t\t<div class=\"elementor-text-editor elementor-clearfix\">\n\t\t\t\t<p><span style=\"text-decoration: underline;\"><strong>Tag 1:<br \/><\/strong><\/span><span style=\"font-family: Calibri, serif;\"><span style=\"font-size: small;\">Das Team komplett, gutes Wetter im \u00d6tztal, welches deutlich besser war als angek\u00fcndigt\u2026so machten wir uns gleich auf in den ersten sehr sch\u00f6nen Jubil\u00e4ums-Klettersteig \u201eLehner Wasserfall\u201c. Beginnend mit einer H\u00e4ngebr\u00fccke kletterten wir entspannt die Felsw\u00e4nde mit Schwierigkeiten von A-C durch B\u00e4nder, Pfeiler und Rampen empor, immer begleitet vom rauschenden Wasser bis zu einer Seilbr\u00fccke am Ende des Klettersteiges. Ein Teil von uns wagte sich hin\u00fcber, \u00fcber den Wasserfall\u2026nass werden war hier vorprogrammiert. Der andere Teil von uns w\u00e4hlte die kurze Gehvariante und blieb somit trocken.<\/span><\/span><\/p><p><strong><span style=\"text-decoration: underline;\">Tag 2:<\/span><br \/><\/strong><span style=\"font-family: Calibri, serif;\"><span style=\"font-size: small;\">Wir machten uns nach einem ausgiebigen Fr\u00fchst\u00fcck auf in den Stuibenfall-Klettersteig bei Umhausen. Am Einstieg erwartete uns gleich eine Seilbr\u00fccke, gefolgt von einer Gehpassage bis wir an den eigentlichen Klettersteig (Schwierigkeit A-C) gelangten. Auch an diesem Vormittag durften wir sch\u00f6ne Passagen durch den Fels mit eindrucksvollen Blicken auf den rauschenden Wasserfall erleben. Als kr\u00f6nenden Abschluss des Klettersteiges hangelten wir uns erneut auf einer Seilbr\u00fccke \u00fcber den Wasserfall auf dem Drahtseil. <br \/><\/span><\/span><\/p>\t\t\t\t\t<\/div>\n\t\t\t\t\t\t<\/div>\n\t\t\t\t<\/div>\n\t\t\t\t\t\t<\/div>\n\t\t\t\t\t<\/div>\n\t\t<\/div>\n\t\t\t\t<div class=\"elementor-column elementor-col-33 elementor-top-column elementor-element elementor-element-a2a8b9b\" data-id=\"a2a8b9b\" data-element_type=\"column\">\n\t\t\t<div class=\"elementor-column-wrap elementor-element-populated\">\n\t\t\t\t\t\t\t<div class=\"elementor-widget-wrap\">\n\t\t\t\t\t\t<div class=\"elementor-element elementor-element-052872e elementor-widget elementor-widget-text-editor\" data-id=\"052872e\" data-element_type=\"widget\" data-widget_type=\"text-editor.default\">\n\t\t\t\t<div class=\"elementor-widget-container\">\n\t\t\t\t\t\t\t\t<div class=\"elementor-text-editor elementor-clearfix\">\n\t\t\t\t<p align=\"justify\"><span style=\"font-family: Calibri, serif;\"><span style=\"font-size: small;\">\u00dcber ein imposantes Bauwerk mit vielen Treppen entlang des Wasserfalls meisterten wir den Abstieg.<br \/><\/span><\/span><span style=\"font-family: Calibri, serif;\"><span style=\"font-size: small;\">Nach einem Mittags-P\u00e4uschen am Parkplatz und noch voller sportlichem Elan entschieden wir uns, den nahegelegenen kurzen Klettersteig Moosalm mit den Schwierigkeiten A-D bei S\u00f6lden \u00fcber 1,5 Std. in Angriff zu nehmen. <br \/><\/span><\/span><span style=\"font-family: Calibri, serif;\"><span style=\"font-size: small;\">Kurz nach dem Einstieg an einer Steilpassage erreichten wir nach einer leichten Plattenquerung eine erste steile Wandpassage.<br \/><\/span><\/span><span style=\"font-family: Calibri, serif;\"><span style=\"font-size: small;\">Dieser Klettersteig bot etwa nach der H\u00e4lfte zwei Varianten, dies nutzen wir und kletterten die eine Variante hinauf und die andere hinunter, erhielten somit am Ende des Steiges an der Steilwand nochmals lehrreiche Notfallinfos von unserem Guide mit anschlie\u00dfender Abseil\u00fcbung zum Ausstieg.<\/span><\/span><\/p><p align=\"justify\"><span style=\"text-decoration: underline;\"><strong>Tag 3:<\/strong><\/span><br \/><span style=\"font-family: Calibri, serif;\"><span style=\"font-size: small;\">Bei blauem Himmel und strahlendem Sonnenschein \u00a0 starteten wir gut gelaunt in den Obergurgler Klettersteig am Zirbenwald, welcher uns mit einer atemberaubenden Nepal-H\u00e4ngebr\u00fccke am Einstieg \u00fcberraschte. Wir genossen diese beeindruckende Passage \u00fcber die erste Schlucht. <\/span><\/span><\/p>\t\t\t\t\t<\/div>\n\t\t\t\t\t\t<\/div>\n\t\t\t\t<\/div>\n\t\t\t\t\t\t<\/div>\n\t\t\t\t\t<\/div>\n\t\t<\/div>\n\t\t\t\t<div class=\"elementor-column elementor-col-33 elementor-top-column elementor-element elementor-element-d0dc228\" data-id=\"d0dc228\" data-element_type=\"column\">\n\t\t\t<div class=\"elementor-column-wrap elementor-element-populated\">\n\t\t\t\t\t\t\t<div class=\"elementor-widget-wrap\">\n\t\t\t\t\t\t<div class=\"elementor-element elementor-element-b78b911 elementor-widget elementor-widget-text-editor\" data-id=\"b78b911\" data-element_type=\"widget\" data-widget_type=\"text-editor.default\">\n\t\t\t\t<div class=\"elementor-widget-container\">\n\t\t\t\t\t\t\t\t<div class=\"elementor-text-editor elementor-clearfix\">\n\t\t\t\t<p align=\"justify\"><span style=\"font-family: Calibri, serif;\"><span style=\"font-size: small;\">Ein sehr sch\u00f6ner Klettersteig mit Klettereien im Fels von A-D, einigen Seilbr\u00fccken, abwechslungsreichem Gel\u00e4nde mit grandiosen landschaftlichen Ausblicken bescherten uns wundervolle Augenblicke. Nach dem teils doch kr\u00e4ftezehrenden k\u00f6rperlichen Einsatz g\u00f6nnten wir uns am Ende der Kletterpassagen eine ausgiebige Brotzeit im Sonnenschein bei tollen, tiefgr\u00fcndigen, aber auch spa\u00dfigen Gespr\u00e4chen, bevor uns dann auch noch ein wundersch\u00f6ner Abstieg durch bunt bl\u00fchende Wiesen belohnte.<\/span><\/span><\/p><p><span style=\"text-decoration: underline;\"><strong>Tag 4:<br \/><\/strong><\/span><span style=\"font-family: Calibri, serif;\"><span style=\"font-size: small;\">An unserem Abreise-Tag weckte uns erneut strahlender Sonnenschein. So machten wir den Genie\u00dfer-Klettersteig Geierwand mit traumhaften Ausblicken auf das Inntal. Dieser Klettersteig f\u00fchrt uns entlang einer m\u00e4chtigen beeindruckenden Felswand. Durch die vielen Klammern im Klettersteig erreicht die Schwierigkeitsstufe maximal ein C, so dass wir gemeinsam diesen S\u00fcdseite-Klettersteig bei einer Temperatur von 30 Grad als Abschlusstour wirklich mit allen Sinnen genie\u00dfen konnten.<br \/><\/span><\/span><span style=\"font-family: Calibri, serif;\"><span style=\"font-size: small;\">Wir hatten als Team sehr sch\u00f6ne, lehrreiche und wirklich lustige Tage bei erlebnisreichen Klettersteig-Touren, allesamt mit kurzen Zustiegen. <br \/><\/span><\/span><span style=\"font-family: Calibri, serif;\"><span style=\"font-size: small;\">An dieser Stelle nochmals ein ganz besonderes Dankesch\u00f6n von uns allen an unseren \u201eGuide\u201c Wolfgang f\u00fcr die gesamte Planung und Organisation. <\/span><\/span><\/p>\t\t\t\t\t<\/div>\n\t\t\t\t\t\t<\/div>\n\t\t\t\t<\/div>\n\t\t\t\t\t\t<\/div>\n\t\t\t\t\t<\/div>\n\t\t<\/div>\n\t\t\t\t\t\t\t\t<\/div>\n\t\t\t\t\t<\/div>\n\t\t<\/section>\n\t\t\t\t<section class=\"elementor-section elementor-top-section elementor-element elementor-element-ac71e50 elementor-section-boxed elementor-section-height-default elementor-section-height-default\" data-id=\"ac71e50\" data-element_type=\"section\">\n\t\t\t\t\t\t<div class=\"elementor-container elementor-column-gap-default\">\n\t\t\t\t\t\t\t<div class=\"elementor-row\">\n\t\t\t\t\t<div class=\"elementor-column elementor-col-33 elementor-top-column elementor-element elementor-element-81e811b\" data-id=\"81e811b\" data-element_type=\"column\">\n\t\t\t<div class=\"elementor-column-wrap elementor-element-populated\">\n\t\t\t\t\t\t\t<div class=\"elementor-widget-wrap\">\n\t\t\t\t\t\t<div class=\"elementor-element elementor-element-0a1ac40 elementor-widget elementor-widget-image\" data-id=\"0a1ac40\" data-element_type=\"widget\" data-widget_type=\"image.default\">\n\t\t\t\t<div class=\"elementor-widget-container\">\n\t\t\t\t\t\t\t\t<div class=\"elementor-image\">\n\t\t\t\t\t\t\t\t\t\t\t\t<img loading=\"lazy\" decoding=\"async\" width=\"150\" height=\"150\" src=\"https:\/\/schugg-oberstdorf.de\/wp-content\/uploads\/2020\/10\/Bergwandern-orange-150x150.jpeg\" class=\"attachment-thumbnail size-thumbnail\" alt=\"\" srcset=\"https:\/\/schugg-oberstdorf.de\/wp-content\/uploads\/2020\/10\/Bergwandern-orange-150x150.jpeg 150w, https:\/\/schugg-oberstdorf.de\/wp-content\/uploads\/2020\/10\/Bergwandern-orange.jpeg 225w\" sizes=\"(max-width: 150px) 100vw, 150px\" \/>\t\t\t\t\t\t\t\t\t\t\t\t\t\t<\/div>\n\t\t\t\t\t\t<\/div>\n\t\t\t\t<\/div>\n\t\t\t\t\t\t<\/div>\n\t\t\t\t\t<\/div>\n\t\t<\/div>\n\t\t\t\t<div class=\"elementor-column elementor-col-33 elementor-top-column elementor-element elementor-element-53ba408\" data-id=\"53ba408\" data-element_type=\"column\">\n\t\t\t<div class=\"elementor-column-wrap elementor-element-populated\">\n\t\t\t\t\t\t\t<div class=\"elementor-widget-wrap\">\n\t\t\t\t\t\t<div class=\"elementor-element elementor-element-e46f898 elementor-widget elementor-widget-image\" data-id=\"e46f898\" data-element_type=\"widget\" data-widget_type=\"image.default\">\n\t\t\t\t<div class=\"elementor-widget-container\">\n\t\t\t\t\t\t\t\t<div class=\"elementor-image\">\n\t\t\t\t\t\t\t\t\t\t\t\t<img loading=\"lazy\" decoding=\"async\" width=\"150\" height=\"150\" src=\"https:\/\/schugg-oberstdorf.de\/wp-content\/uploads\/2020\/10\/Klettersteig-orange-150x150.jpeg\" class=\"attachment-thumbnail size-thumbnail\" alt=\"\" srcset=\"https:\/\/schugg-oberstdorf.de\/wp-content\/uploads\/2020\/10\/Klettersteig-orange-150x150.jpeg 150w, https:\/\/schugg-oberstdorf.de\/wp-content\/uploads\/2020\/10\/Klettersteig-orange.jpeg 225w\" sizes=\"(max-width: 150px) 100vw, 150px\" \/>\t\t\t\t\t\t\t\t\t\t\t\t\t\t<\/div>\n\t\t\t\t\t\t<\/div>\n\t\t\t\t<\/div>\n\t\t\t\t\t\t<\/div>\n\t\t\t\t\t<\/div>\n\t\t<\/div>\n\t\t\t\t<div class=\"elementor-column elementor-col-33 elementor-top-column elementor-element elementor-element-b257874\" data-id=\"b257874\" data-element_type=\"column\">\n\t\t\t<div class=\"elementor-column-wrap\">\n\t\t\t\t\t\t\t<div class=\"elementor-widget-wrap\">\n\t\t\t\t\t\t\t\t<\/div>\n\t\t\t\t\t<\/div>\n\t\t<\/div>\n\t\t\t\t\t\t\t\t<\/div>\n\t\t\t\t\t<\/div>\n\t\t<\/section>\n\t\t\t\t\t\t\t\t\t<\/div>\n\t\t\t<\/div>\n\t\t\t\t\t<\/div>\n\t\t","protected":false},"excerpt":{"rendered":"<p>\u00d6tztal Zur\u00fcck Weiter Tag 1:Das Team komplett, gutes Wetter im \u00d6tztal, welches deutlich besser war als angek\u00fcndigt\u2026so machten wir uns gleich auf in den ersten sehr sch\u00f6nen Jubil\u00e4ums-Klettersteig \u201eLehner Wasserfall\u201c. Beginnend mit einer H\u00e4ngebr\u00fccke kletterten wir entspannt die Felsw\u00e4nde mit Schwierigkeiten von A-C durch B\u00e4nder, Pfeiler und Rampen empor, immer begleitet vom rauschenden Wasser bis [&hellip;]<\/p>\n","protected":false},"author":2,"featured_media":0,"parent":42,"menu_order":0,"comment_status":"closed","ping_status":"closed","template":"","meta":{"footnotes":""},"_links":{"self":[{"href":"https:\/\/schugg-oberstdorf.de\/index.php?rest_route=\/wp\/v2\/pages\/599"}],"collection":[{"href":"https:\/\/schugg-oberstdorf.de\/index.php?rest_route=\/wp\/v2\/pages"}],"about":[{"href":"https:\/\/schugg-oberstdorf.de\/index.php?rest_route=\/wp\/v2\/types\/page"}],"author":[{"embeddable":true,"href":"https:\/\/schugg-oberstdorf.de\/index.php?rest_route=\/wp\/v2\/users\/2"}],"replies":[{"embeddable":true,"href":"https:\/\/schugg-oberstdorf.de\/index.php?rest_route=%2Fwp%2Fv2%2Fcomments&post=599"}],"version-history":[{"count":8,"href":"https:\/\/schugg-oberstdorf.de\/index.php?rest_route=\/wp\/v2\/pages\/599\/revisions"}],"predecessor-version":[{"id":631,"href":"https:\/\/schugg-oberstdorf.de\/index.php?rest_route=\/wp\/v2\/pages\/599\/revisions\/631"}],"up":[{"embeddable":true,"href":"https:\/\/schugg-oberstdorf.de\/index.php?rest_route=\/wp\/v2\/pages\/42"}],"wp:attachment":[{"href":"https:\/\/schugg-oberstdorf.de\/index.php?rest_route=%2Fwp%2Fv2%2Fmedia&parent=599"}],"curies":[{"name":"wp","href":"https:\/\/api.w.org\/{rel}","templated":true}]}}